{"id":7616,"date":"2023-11-09T08:59:15","date_gmt":"2023-11-09T08:59:15","guid":{"rendered":"http:\/\/www.graziani.com\/entreprise\/histoire-2\/"},"modified":"2023-11-10T09:19:30","modified_gmt":"2023-11-10T09:19:30","slug":"histoire-extra-eu","status":"publish","type":"page","link":"https:\/\/www.graziani.com\/fr\/entreprise\/histoire-extra-eu\/","title":{"rendered":"Histoire"},"content":{"rendered":"\t\t<div data-elementor-type=\"wp-page\" data-elementor-id=\"7616\" class=\"elementor elementor-7616 elementor-7139\" data-elementor-post-type=\"page\">\n\t\t\t\t\t\t<section class=\"elementor-section elementor-top-section elementor-element elementor-element-d006824 elementor-section-height-min-height elementor-section-items-top elementor-section-boxed elementor-section-height-default\" data-id=\"d006824\" data-element_type=\"section\" data-settings=\"{&quot;background_background&quot;:&quot;classic&quot;}\">\n\t\t\t\t\t\t\t<div class=\"elementor-background-overlay\"><\/div>\n\t\t\t\t\t\t\t<div class=\"elementor-container elementor-column-gap-default\">\n\t\t\t\t\t<div class=\"elementor-column elementor-col-100 elementor-top-column elementor-element elementor-element-ae61fd7 elementor-invisible\" data-id=\"ae61fd7\" data-element_type=\"column\" data-settings=\"{&quot;animation&quot;:&quot;fadeIn&quot;}\">\n\t\t\t<div class=\"elementor-widget-wrap elementor-element-populated\">\n\t\t\t\t\t\t<div class=\"elementor-element elementor-element-96f737d elementor-widget__width-initial main_title elementor-widget elementor-widget-heading\" data-id=\"96f737d\" data-element_type=\"widget\" data-widget_type=\"heading.default\">\n\t\t\t\t<div class=\"elementor-widget-container\">\n\t\t\t\t\t<h1 class=\"elementor-heading-title elementor-size-default\">Un voyage de plus de soixante ans<\/h1>\t\t\t\t<\/div>\n\t\t\t\t<\/div>\n\t\t\t\t\t<\/div>\n\t\t<\/div>\n\t\t\t\t\t<\/div>\n\t\t<\/section>\n\t\t\t\t<section class=\"elementor-section elementor-top-section elementor-element elementor-element-8966bb3 elementor-section-boxed elementor-section-height-default elementor-section-height-default\" data-id=\"8966bb3\" data-element_type=\"section\">\n\t\t\t\t\t\t<div class=\"elementor-container elementor-column-gap-default\">\n\t\t\t\t\t<div class=\"elementor-column elementor-col-100 elementor-top-column elementor-element elementor-element-e4cc24c\" data-id=\"e4cc24c\" data-element_type=\"column\">\n\t\t\t<div class=\"elementor-widget-wrap elementor-element-populated\">\n\t\t\t\t\t\t<div class=\"elementor-element elementor-element-f0f7480 elementor-absolute elementor-hidden-tablet elementor-hidden-mobile elementor-widget elementor-widget-html\" data-id=\"f0f7480\" data-element_type=\"widget\" data-settings=\"{&quot;_position&quot;:&quot;absolute&quot;}\" data-widget_type=\"html.default\">\n\t\t\t\t<div class=\"elementor-widget-container\">\n\t\t\t\t\t<div class=\"mousey\">\n    <div class=\"scroller\"><\/div>\n <\/div>\t\t\t\t<\/div>\n\t\t\t\t<\/div>\n\t\t\t\t\t<\/div>\n\t\t<\/div>\n\t\t\t\t\t<\/div>\n\t\t<\/section>\n\t\t\t\t<section class=\"elementor-section elementor-top-section elementor-element elementor-element-0cb993c elementor-section-full_width elementor-section-items-stretch elementor-section-height-min-height elementor-reverse-mobile elementor-section-height-default\" data-id=\"0cb993c\" data-element_type=\"section\" data-settings=\"{&quot;background_background&quot;:&quot;classic&quot;}\">\n\t\t\t\t\t\t<div class=\"elementor-container elementor-column-gap-default\">\n\t\t\t\t\t<div class=\"elementor-column elementor-col-50 elementor-top-column elementor-element elementor-element-99b2c91 elementor-invisible\" data-id=\"99b2c91\" data-element_type=\"column\" data-settings=\"{&quot;background_background&quot;:&quot;classic&quot;,&quot;animation&quot;:&quot;fadeInLeft&quot;}\">\n\t\t\t<div class=\"elementor-widget-wrap elementor-element-populated\">\n\t\t\t\t\t\t<div class=\"elementor-element elementor-element-569eaff elementor-widget elementor-widget-spacer\" data-id=\"569eaff\" data-element_type=\"widget\" data-widget_type=\"spacer.default\">\n\t\t\t\t<div class=\"elementor-widget-container\">\n\t\t\t\t\t\t\t<div class=\"elementor-spacer\">\n\t\t\t<div class=\"elementor-spacer-inner\"><\/div>\n\t\t<\/div>\n\t\t\t\t\t\t<\/div>\n\t\t\t\t<\/div>\n\t\t\t\t\t<\/div>\n\t\t<\/div>\n\t\t\t\t<div class=\"elementor-column elementor-col-50 elementor-top-column elementor-element elementor-element-113d796 shadow_effect elementor-invisible\" data-id=\"113d796\" data-element_type=\"column\" data-settings=\"{&quot;animation&quot;:&quot;fadeInRight&quot;}\">\n\t\t\t<div class=\"elementor-widget-wrap elementor-element-populated\">\n\t\t\t\t\t\t<section class=\"elementor-section elementor-inner-section elementor-element elementor-element-9d5442a elementor-section-boxed elementor-section-height-default elementor-section-height-default\" data-id=\"9d5442a\" data-element_type=\"section\">\n\t\t\t\t\t\t<div class=\"elementor-container elementor-column-gap-default\">\n\t\t\t\t\t<div class=\"elementor-column elementor-col-100 elementor-inner-column elementor-element elementor-element-054afd8\" data-id=\"054afd8\" data-element_type=\"column\">\n\t\t\t<div class=\"elementor-widget-wrap elementor-element-populated\">\n\t\t\t\t\t\t<div class=\"elementor-element elementor-element-e350306 elementor-widget elementor-widget-text-editor\" data-id=\"e350306\" data-element_type=\"widget\" data-widget_type=\"text-editor.default\">\n\t\t\t\t<div class=\"elementor-widget-container\">\n\t\t\t\t\t\t\t\t\t<h2 class=\"title_date\">1962<\/h2>\n<p class=\"p1\">Guido Enrico Graziani, fondateur de Graziani Packaging, a ouvert un magasin de 150 m\u00b2 vendant des articles d\u2019emballage en face du march\u00e9 des fruits et l\u00e9gumes de Cesena.<\/p>\t\t\t\t\t\t\t\t<\/div>\n\t\t\t\t<\/div>\n\t\t\t\t<div class=\"elementor-element elementor-element-f5db238 elementor-widget elementor-widget-text-editor\" data-id=\"f5db238\" data-element_type=\"widget\" data-widget_type=\"text-editor.default\">\n\t\t\t\t<div class=\"elementor-widget-container\">\n\t\t\t\t\t\t\t\t\t<h2 class=\"title_date\">1980<\/h2>\n<p class=\"p1\">Le fils a\u00een\u00e9, Roberto Graziani, a choisi de suivre les traces de son p\u00e8re en se consacrant \u00e0 la croissance de l\u2019entreprise.<\/p>\t\t\t\t\t\t\t\t<\/div>\n\t\t\t\t<\/div>\n\t\t\t\t<div class=\"elementor-element elementor-element-b502831 elementor-widget elementor-widget-text-editor\" data-id=\"b502831\" data-element_type=\"widget\" data-widget_type=\"text-editor.default\">\n\t\t\t\t<div class=\"elementor-widget-container\">\n\t\t\t\t\t\t\t\t\t<h2 class=\"title_date\">1981<\/h2>\nLe premier entrep\u00f4t de vente en gros, d\u2019une superficie de 1 200 m\u00b2, a \u00e9t\u00e9 ouvert \u00e0 Cesena. L\u2019ann\u00e9e 1981 a \u00e9galement marqu\u00e9 le d\u00e9but d\u2019un partenariat commercial repr\u00e9sentatif avec deux groupes multinationaux tr\u00e8s importants : l\u2019un sp\u00e9cialis\u00e9 dans les conteneurs en carton et l\u2019autre dans les barquettes en plastique.\t\t\t\t\t\t\t\t<\/div>\n\t\t\t\t<\/div>\n\t\t\t\t<div class=\"elementor-element elementor-element-ff70eaa elementor-widget elementor-widget-text-editor\" data-id=\"ff70eaa\" data-element_type=\"widget\" data-widget_type=\"text-editor.default\">\n\t\t\t\t<div class=\"elementor-widget-container\">\n\t\t\t\t\t\t\t\t\t<h2 class=\"title_date\">1985<\/h2>\nDeux autres fr\u00e8res, Maurizio et Stefano, tous deux anciens joueurs de volley-ball comme Roberto, ont rejoint l\u2019entreprise.\t\t\t\t\t\t\t\t<\/div>\n\t\t\t\t<\/div>\n\t\t\t\t<div class=\"elementor-element elementor-element-fd14b7f elementor-widget elementor-widget-text-editor\" data-id=\"fd14b7f\" data-element_type=\"widget\" data-widget_type=\"text-editor.default\">\n\t\t\t\t<div class=\"elementor-widget-container\">\n\t\t\t\t\t\t\t\t\t<h2 class=\"title_date\">1990<\/h2>\nAu d\u00e9but des ann\u00e9es 1990, la premi\u00e8re installation de production a \u00e9t\u00e9 mise en place : une grande machine de d\u00e9coupe pour la transformation de papiers sp\u00e9ciaux pour fruits et l\u00e9gumes. Guido Enrico se retire de l\u2019entreprise familiale.\t\t\t\t\t\t\t\t<\/div>\n\t\t\t\t<\/div>\n\t\t\t\t<div class=\"elementor-element elementor-element-7ff586b elementor-widget elementor-widget-text-editor\" data-id=\"7ff586b\" data-element_type=\"widget\" data-widget_type=\"text-editor.default\">\n\t\t\t\t<div class=\"elementor-widget-container\">\n\t\t\t\t\t\t\t\t\t<h2 class=\"title_date\">1997<\/h2>\nAu milieu de l\u2019ann\u00e9e 1997, la premi\u00e8re machine de production de cornie\u0300res en carton press\u00e9 a \u00e9t\u00e9 install\u00e9e. C\u2019est ainsi qu\u2019est n\u00e9e la marque d\u00e9pos\u00e9e Magic-Corner\u00ae, la pierre angulaire \u00e0 la force magique. Dans le m\u00eame temps, la direction a \u00e9galement d\u00e9cid\u00e9 de diversifier la gamme de produits avec la ligne \u00ab Produits jetables et de nettoyage \u00bb pour les collectivit\u00e9s.\t\t\t\t\t\t\t\t<\/div>\n\t\t\t\t<\/div>\n\t\t\t\t<div class=\"elementor-element elementor-element-84f6ad5 elementor-widget elementor-widget-text-editor\" data-id=\"84f6ad5\" data-element_type=\"widget\" data-widget_type=\"text-editor.default\">\n\t\t\t\t<div class=\"elementor-widget-container\">\n\t\t\t\t\t\t\t\t\t<h2 class=\"title_date\">2000<\/h2>\nGraziani Packaging a repris une petite entreprise familiale sicilienne sp\u00e9cialis\u00e9e dans la production de cornie\u0300res en carton. C\u2019est ainsi que Magic-Corner\u00ae d\u00e9barque donc aussi dans le sud de l\u2019Italie. Pendant ce temps, \u00e0 Cesena, les lignes de production sont doubl\u00e9es et passent \u00e0 deux.\t\t\t\t\t\t\t\t<\/div>\n\t\t\t\t<\/div>\n\t\t\t\t<div class=\"elementor-element elementor-element-6153d60 elementor-widget elementor-widget-text-editor\" data-id=\"6153d60\" data-element_type=\"widget\" data-widget_type=\"text-editor.default\">\n\t\t\t\t<div class=\"elementor-widget-container\">\n\t\t\t\t\t\t\t\t\t<h2 class=\"title_date\">2005<\/h2>\nAu d\u00e9but du mill\u00e9naire, les lignes de production de Cesena sont pass\u00e9es \u00e0 trois, afin de r\u00e9pondre de mani\u00e8re ad\u00e9quate aux exigences toujours croissantes du march\u00e9. Graziani Packaging participe \u00e0 la fondation, avec une dizaine d\u2019autres entreprises leaders du secteur, de <strong>l\u2019association Mediterranean Fruit Company.<\/strong>\nC\u2019est ainsi qu\u2019a commenc\u00e9 le processus d\u2019internationalisation de l\u2019entreprise. Parall\u00e8lement, afin de renforcer le secteur des \u00ab Produits jetables et de nettoyage \u00bb, Pieri &amp; Graziani a \u00e9t\u00e9 cr\u00e9\u00e9e avec Pieri, la famille historique de ces produits. Graziani Packaging obtient \u00e9galement la certification rel\u00e2ch\u00e9e par <strong>Tuv de la Iso-2000.<\/strong>\t\t\t\t\t\t\t\t<\/div>\n\t\t\t\t<\/div>\n\t\t\t\t<div class=\"elementor-element elementor-element-64fb511 elementor-widget elementor-widget-text-editor\" data-id=\"64fb511\" data-element_type=\"widget\" data-widget_type=\"text-editor.default\">\n\t\t\t\t<div class=\"elementor-widget-container\">\n\t\t\t\t\t\t\t\t\t<h2 class=\"title_date\">2009<\/h2>\nLe nouveau si\u00e8ge a \u00e9t\u00e9 inaugur\u00e9 \u00e0 Bora du Mercato Saraceno, le long de l\u2019axe routier Ravenne\/Rome. Entre-temps, la nouvelle unit\u00e9 de production de l\u2019entreprise dans la province de Valence, en Espagne, a \u00e9galement \u00e9t\u00e9 inaugur\u00e9e, en collaboration avec ses collaborateurs espagnols de longue date. C\u2019est ainsi que na\u00eet <strong>Magic Corner Espana.<\/strong>\t\t\t\t\t\t\t\t<\/div>\n\t\t\t\t<\/div>\n\t\t\t\t<div class=\"elementor-element elementor-element-57f1d8d elementor-widget elementor-widget-text-editor\" data-id=\"57f1d8d\" data-element_type=\"widget\" data-widget_type=\"text-editor.default\">\n\t\t\t\t<div class=\"elementor-widget-container\">\n\t\t\t\t\t\t\t\t\t<h2 class=\"title_date\">2010<\/h2>\nLa production d\u2019une petite entreprise italienne sp\u00e9cialis\u00e9e dans la fabrication de mailles extrud\u00e9s a \u00e9t\u00e9 reprise. C\u2019est ainsi que na\u00eet <strong>Magic-Net\u00ae.<\/strong> La m\u00eame ann\u00e9e, l\u2019exp\u00e9rience de production sicilienne a \u00e9t\u00e9 interrompue : une d\u00e9cision douloureuse mais in\u00e9vitable.\t\t\t\t\t\t\t\t<\/div>\n\t\t\t\t<\/div>\n\t\t\t\t<div class=\"elementor-element elementor-element-ee29c91 elementor-widget elementor-widget-text-editor\" data-id=\"ee29c91\" data-element_type=\"widget\" data-widget_type=\"text-editor.default\">\n\t\t\t\t<div class=\"elementor-widget-container\">\n\t\t\t\t\t\t\t\t\t<h2 class=\"title_date\">2012<\/h2>\nUne nouvelle usine ultramoderne de production de cerclages en plastique en PP et PET est inaugur\u00e9e \u00e0 Bora.\nLe processus de production consiste \u00e0 utiliser des flocons de bouteilles pour les transformer en granul\u00e9s et en produits finis. C\u2019est ainsi que na\u00eet <strong>Magic-Strap\u00ae.<\/strong> D\u2019autre part, la soci\u00e9t\u00e9 Pieri &amp; Graziani a \u00e9t\u00e9 supprim\u00e9e et est devenue Pieri Group.\t\t\t\t\t\t\t\t<\/div>\n\t\t\t\t<\/div>\n\t\t\t\t<div class=\"elementor-element elementor-element-261c51e elementor-widget elementor-widget-text-editor\" data-id=\"261c51e\" data-element_type=\"widget\" data-widget_type=\"text-editor.default\">\n\t\t\t\t<div class=\"elementor-widget-container\">\n\t\t\t\t\t\t\t\t\t<h2 class=\"title_date\">2014<\/h2>\nL\u2019anc\u00eatre de tous les produits Magic \u00e9tait n\u00e9, \u00e0 savoir le <strong>Magic Packaging System\u00ae.<\/strong> La m\u00eame ann\u00e9e, tous les produits de la gamme Magic-Corner ont \u00e9t\u00e9 certifi\u00e9s comme produits recyclables de classe A. Gr\u00e2ce au laboratoire interne, le service R &amp; D cr\u00e9e de nouveaux mod\u00e8les de produits, tant cornie\u0300res que feuillards, con\u00e7us et personnalis\u00e9s pour r\u00e9pondre aux besoins de diff\u00e9rents secteurs.\t\t\t\t\t\t\t\t<\/div>\n\t\t\t\t<\/div>\n\t\t\t\t<div class=\"elementor-element elementor-element-4ab6b6a elementor-widget elementor-widget-text-editor\" data-id=\"4ab6b6a\" data-element_type=\"widget\" data-widget_type=\"text-editor.default\">\n\t\t\t\t<div class=\"elementor-widget-container\">\n\t\t\t\t\t\t\t\t\t<h2 class=\"title_date\">2015<\/h2>\nLes mod\u00e8les TOP de cornie\u0300res et de feuillards sont lanc\u00e9s sur le march\u00e9 et repr\u00e9sentent, pour l\u2019instant, le niveau de qualit\u00e9 le plus \u00e9lev\u00e9 de la gamme Graziani Packaging.\t\t\t\t\t\t\t\t<\/div>\n\t\t\t\t<\/div>\n\t\t\t\t<div class=\"elementor-element elementor-element-55a7dbd elementor-widget elementor-widget-text-editor\" data-id=\"55a7dbd\" data-element_type=\"widget\" data-widget_type=\"text-editor.default\">\n\t\t\t\t<div class=\"elementor-widget-container\">\n\t\t\t\t\t\t\t\t\t<h2 class=\"title_date\">2017<\/h2>\na cinqui\u00e8me ligne de production de cornie\u0300res a \u00e9t\u00e9 mise en service et les 20 premi\u00e8res ann\u00e9es de la marque Magic-Corner\u00ae ont \u00e9t\u00e9 c\u00e9l\u00e9br\u00e9es : la marque a atteint de nouveaux records de production, rapprochant l\u2019entreprise de l\u2019objectif historique de 100 000 000 de m\u00e8tres courants par an. Avec les 80 millions atteints en 2016, environ 10 millions de palettes de marchandises ont \u00e9t\u00e9 palettis\u00e9es, \u00e0 hauteur de 8 m\u00e8tres par palette. \u00c0 une valeur moyenne de \u20ac. 1 000 signifie 10 milliards d\u2019euros de marchandises transport\u00e9es, d\u2019une partie du monde \u00e0 l\u2019autre, avec les Magic-Corner\u00ae.\nLes 160 millions de m\u00e8tres lin\u00e9aires de feuillards, \u00e0 raison d\u2019une moyenne de 16 m Les 160 millions de m\u00e8tres lin\u00e9aires de feuillards, \u00e0 raison d\u2019une moyenne de 16 m\t\t\t\t\t\t\t\t<\/div>\n\t\t\t\t<\/div>\n\t\t\t\t<div class=\"elementor-element elementor-element-b4971c3 elementor-widget elementor-widget-text-editor\" data-id=\"b4971c3\" data-element_type=\"widget\" data-widget_type=\"text-editor.default\">\n\t\t\t\t<div class=\"elementor-widget-container\">\n\t\t\t\t\t\t\t\t\t<h2 class=\"title_date\">2018<\/h2>\nEn juin, le premier membre de la troisi\u00e8me g\u00e9n\u00e9ration, le Dr Alessandra Graziani, fille de Roberto, a rejoint l&rsquo;entreprise.\n\u00c0 la fin de l\u2019ann\u00e9e, le plus jeune des trois fr\u00e9res, Stefano Graziani, a quitt\u00e9 l\u2019entreprise.\t\t\t\t\t\t\t\t<\/div>\n\t\t\t\t<\/div>\n\t\t\t\t<div class=\"elementor-element elementor-element-1a655a0 elementor-widget elementor-widget-text-editor\" data-id=\"1a655a0\" data-element_type=\"widget\" data-widget_type=\"text-editor.default\">\n\t\t\t\t<div class=\"elementor-widget-container\">\n\t\t\t\t\t\t\t\t\t<h2 class=\"title_date\">2020<\/h2>\nDeux nouveaux membres de la troisi\u00e8me g\u00e9n\u00e9ration rejoignent l\u2019entreprise, respectivement Andrea Graziani, fils de Maurizio, et Michela Graziani, fille de Roberto.\t\t\t\t\t\t\t\t<\/div>\n\t\t\t\t<\/div>\n\t\t\t\t<div class=\"elementor-element elementor-element-9cfaa50 elementor-widget elementor-widget-text-editor\" data-id=\"9cfaa50\" data-element_type=\"widget\" data-widget_type=\"text-editor.default\">\n\t\t\t\t<div class=\"elementor-widget-container\">\n\t\t\t\t\t\t\t\t\t<h2 class=\"title_date\">2023<\/h2>\nR\u00e9sultat et objectif du parcours de structuration de l&rsquo;entreprise, la soci\u00e9t\u00e9 deviendra en 2023 <i><b>Graziani Packaging Srl<\/b><\/i>.\t\t\t\t\t\t\t\t<\/div>\n\t\t\t\t<\/div>\n\t\t\t\t\t<\/div>\n\t\t<\/div>\n\t\t\t\t\t<\/div>\n\t\t<\/section>\n\t\t\t\t\t<\/div>\n\t\t<\/div>\n\t\t\t\t\t<\/div>\n\t\t<\/section>\n\t\t\t\t<\/div>\n\t\t","protected":false},"excerpt":{"rendered":"<p>Un voyage de plus de soixante ans 1962 Guido Enrico Graziani, fondateur de Graziani Packaging, a ouvert un magasin de 150 m\u00b2 vendant des articles d\u2019emballage en face du march\u00e9 des fruits et l\u00e9gumes de Cesena. 1980 Le fils a\u00een\u00e9, Roberto Graziani, a choisi de suivre les traces de son p\u00e8re en se consacrant \u00e0&hellip; <a class=\"more-link\" href=\"https:\/\/www.graziani.com\/fr\/entreprise\/histoire-extra-eu\/\">Poursuivre la lecture <span class=\"screen-reader-text\">Histoire<\/span><\/a><\/p>\n","protected":false},"author":9,"featured_media":0,"parent":6437,"menu_order":20,"comment_status":"closed","ping_status":"closed","template":"elementor_header_footer","meta":{"_acf_changed":false,"footnotes":""},"class_list":["post-7616","page","type-page","status-publish","hentry","entry"],"acf":[],"yoast_head":"<!-- This site is optimized with the Yoast SEO plugin v26.8 - https:\/\/yoast.com\/product\/yoast-seo-wordpress\/ -->\n<title>Histoire - Graziani Packaging<\/title>\n<meta name=\"robots\" content=\"index, follow, max-snippet:-1, max-image-preview:large, max-video-preview:-1\" \/>\n<link rel=\"canonical\" href=\"https:\/\/www.graziani.com\/fr\/entreprise\/histoire-extra-eu\/\" \/>\n<meta property=\"og:locale\" content=\"fr_FR\" \/>\n<meta property=\"og:type\" content=\"article\" \/>\n<meta property=\"og:title\" content=\"Histoire - Graziani Packaging\" \/>\n<meta property=\"og:description\" content=\"Un voyage de plus de soixante ans 1962 Guido Enrico Graziani, fondateur de Graziani Packaging, a ouvert un magasin de 150 m\u00b2 vendant des articles d\u2019emballage en face du march\u00e9 des fruits et l\u00e9gumes de Cesena. 1980 Le fils a\u00een\u00e9, Roberto Graziani, a choisi de suivre les traces de son p\u00e8re en se consacrant \u00e0&hellip; Poursuivre la lecture Histoire\" \/>\n<meta property=\"og:url\" content=\"https:\/\/www.graziani.com\/fr\/entreprise\/histoire-extra-eu\/\" \/>\n<meta property=\"og:site_name\" content=\"Graziani Packaging\" \/>\n<meta property=\"article:modified_time\" content=\"2023-11-10T09:19:30+00:00\" \/>\n<meta name=\"twitter:card\" content=\"summary_large_image\" \/>\n<meta name=\"twitter:label1\" content=\"Dur\u00e9e de lecture estim\u00e9e\" \/>\n\t<meta name=\"twitter:data1\" content=\"4 minutes\" \/>\n<script type=\"application\/ld+json\" class=\"yoast-schema-graph\">{\"@context\":\"https:\/\/schema.org\",\"@graph\":[{\"@type\":\"WebPage\",\"@id\":\"https:\/\/www.graziani.com\/fr\/entreprise\/histoire-extra-eu\/\",\"url\":\"https:\/\/www.graziani.com\/fr\/entreprise\/histoire-extra-eu\/\",\"name\":\"Histoire - Graziani Packaging\",\"isPartOf\":{\"@id\":\"https:\/\/www.graziani.com\/fr\/#website\"},\"datePublished\":\"2023-11-09T08:59:15+00:00\",\"dateModified\":\"2023-11-10T09:19:30+00:00\",\"breadcrumb\":{\"@id\":\"https:\/\/www.graziani.com\/fr\/entreprise\/histoire-extra-eu\/#breadcrumb\"},\"inLanguage\":\"fr-FR\",\"potentialAction\":[{\"@type\":\"ReadAction\",\"target\":[\"https:\/\/www.graziani.com\/fr\/entreprise\/histoire-extra-eu\/\"]}]},{\"@type\":\"BreadcrumbList\",\"@id\":\"https:\/\/www.graziani.com\/fr\/entreprise\/histoire-extra-eu\/#breadcrumb\",\"itemListElement\":[{\"@type\":\"ListItem\",\"position\":1,\"name\":\"Home\",\"item\":\"https:\/\/www.graziani.com\/fr\/\"},{\"@type\":\"ListItem\",\"position\":2,\"name\":\"Entreprise\",\"item\":\"https:\/\/www.graziani.com\/fr\/entreprise\/\"},{\"@type\":\"ListItem\",\"position\":3,\"name\":\"Histoire\"}]},{\"@type\":\"WebSite\",\"@id\":\"https:\/\/www.graziani.com\/fr\/#website\",\"url\":\"https:\/\/www.graziani.com\/fr\/\",\"name\":\"Graziani Packaging\",\"description\":\"\",\"publisher\":{\"@id\":\"https:\/\/www.graziani.com\/fr\/#organization\"},\"potentialAction\":[{\"@type\":\"SearchAction\",\"target\":{\"@type\":\"EntryPoint\",\"urlTemplate\":\"https:\/\/www.graziani.com\/fr\/?s={search_term_string}\"},\"query-input\":{\"@type\":\"PropertyValueSpecification\",\"valueRequired\":true,\"valueName\":\"search_term_string\"}}],\"inLanguage\":\"fr-FR\"},{\"@type\":\"Organization\",\"@id\":\"https:\/\/www.graziani.com\/fr\/#organization\",\"name\":\"Graziani Packaging\",\"url\":\"https:\/\/www.graziani.com\/fr\/\",\"logo\":{\"@type\":\"ImageObject\",\"inLanguage\":\"fr-FR\",\"@id\":\"https:\/\/www.graziani.com\/fr\/#\/schema\/logo\/image\/\",\"url\":\"http:\/\/www.graziani.com\/wp-content\/uploads\/2023\/05\/cropped-cropped-Senza-titolo-1.png\",\"contentUrl\":\"http:\/\/www.graziani.com\/wp-content\/uploads\/2023\/05\/cropped-cropped-Senza-titolo-1.png\",\"width\":144,\"height\":144,\"caption\":\"Graziani Packaging\"},\"image\":{\"@id\":\"https:\/\/www.graziani.com\/fr\/#\/schema\/logo\/image\/\"}}]}<\/script>\n<!-- \/ Yoast SEO plugin. -->","yoast_head_json":{"title":"Histoire - Graziani Packaging","robots":{"index":"index","follow":"follow","max-snippet":"max-snippet:-1","max-image-preview":"max-image-preview:large","max-video-preview":"max-video-preview:-1"},"canonical":"https:\/\/www.graziani.com\/fr\/entreprise\/histoire-extra-eu\/","og_locale":"fr_FR","og_type":"article","og_title":"Histoire - Graziani Packaging","og_description":"Un voyage de plus de soixante ans 1962 Guido Enrico Graziani, fondateur de Graziani Packaging, a ouvert un magasin de 150 m\u00b2 vendant des articles d\u2019emballage en face du march\u00e9 des fruits et l\u00e9gumes de Cesena. 1980 Le fils a\u00een\u00e9, Roberto Graziani, a choisi de suivre les traces de son p\u00e8re en se consacrant \u00e0&hellip; Poursuivre la lecture Histoire","og_url":"https:\/\/www.graziani.com\/fr\/entreprise\/histoire-extra-eu\/","og_site_name":"Graziani Packaging","article_modified_time":"2023-11-10T09:19:30+00:00","twitter_card":"summary_large_image","twitter_misc":{"Dur\u00e9e de lecture estim\u00e9e":"4 minutes"},"schema":{"@context":"https:\/\/schema.org","@graph":[{"@type":"WebPage","@id":"https:\/\/www.graziani.com\/fr\/entreprise\/histoire-extra-eu\/","url":"https:\/\/www.graziani.com\/fr\/entreprise\/histoire-extra-eu\/","name":"Histoire - Graziani Packaging","isPartOf":{"@id":"https:\/\/www.graziani.com\/fr\/#website"},"datePublished":"2023-11-09T08:59:15+00:00","dateModified":"2023-11-10T09:19:30+00:00","breadcrumb":{"@id":"https:\/\/www.graziani.com\/fr\/entreprise\/histoire-extra-eu\/#breadcrumb"},"inLanguage":"fr-FR","potentialAction":[{"@type":"ReadAction","target":["https:\/\/www.graziani.com\/fr\/entreprise\/histoire-extra-eu\/"]}]},{"@type":"BreadcrumbList","@id":"https:\/\/www.graziani.com\/fr\/entreprise\/histoire-extra-eu\/#breadcrumb","itemListElement":[{"@type":"ListItem","position":1,"name":"Home","item":"https:\/\/www.graziani.com\/fr\/"},{"@type":"ListItem","position":2,"name":"Entreprise","item":"https:\/\/www.graziani.com\/fr\/entreprise\/"},{"@type":"ListItem","position":3,"name":"Histoire"}]},{"@type":"WebSite","@id":"https:\/\/www.graziani.com\/fr\/#website","url":"https:\/\/www.graziani.com\/fr\/","name":"Graziani Packaging","description":"","publisher":{"@id":"https:\/\/www.graziani.com\/fr\/#organization"},"potentialAction":[{"@type":"SearchAction","target":{"@type":"EntryPoint","urlTemplate":"https:\/\/www.graziani.com\/fr\/?s={search_term_string}"},"query-input":{"@type":"PropertyValueSpecification","valueRequired":true,"valueName":"search_term_string"}}],"inLanguage":"fr-FR"},{"@type":"Organization","@id":"https:\/\/www.graziani.com\/fr\/#organization","name":"Graziani Packaging","url":"https:\/\/www.graziani.com\/fr\/","logo":{"@type":"ImageObject","inLanguage":"fr-FR","@id":"https:\/\/www.graziani.com\/fr\/#\/schema\/logo\/image\/","url":"http:\/\/www.graziani.com\/wp-content\/uploads\/2023\/05\/cropped-cropped-Senza-titolo-1.png","contentUrl":"http:\/\/www.graziani.com\/wp-content\/uploads\/2023\/05\/cropped-cropped-Senza-titolo-1.png","width":144,"height":144,"caption":"Graziani Packaging"},"image":{"@id":"https:\/\/www.graziani.com\/fr\/#\/schema\/logo\/image\/"}}]}},"_links":{"self":[{"href":"https:\/\/www.graziani.com\/fr\/wp-json\/wp\/v2\/pages\/7616","targetHints":{"allow":["GET"]}}],"collection":[{"href":"https:\/\/www.graziani.com\/fr\/wp-json\/wp\/v2\/pages"}],"about":[{"href":"https:\/\/www.graziani.com\/fr\/wp-json\/wp\/v2\/types\/page"}],"author":[{"embeddable":true,"href":"https:\/\/www.graziani.com\/fr\/wp-json\/wp\/v2\/users\/9"}],"replies":[{"embeddable":true,"href":"https:\/\/www.graziani.com\/fr\/wp-json\/wp\/v2\/comments?post=7616"}],"version-history":[{"count":0,"href":"https:\/\/www.graziani.com\/fr\/wp-json\/wp\/v2\/pages\/7616\/revisions"}],"up":[{"embeddable":true,"href":"https:\/\/www.graziani.com\/fr\/wp-json\/wp\/v2\/pages\/6437"}],"wp:attachment":[{"href":"https:\/\/www.graziani.com\/fr\/wp-json\/wp\/v2\/media?parent=7616"}],"curies":[{"name":"wp","href":"https:\/\/api.w.org\/{rel}","templated":true}]}}