{"id":6804,"date":"2023-08-02T08:37:13","date_gmt":"2023-08-02T08:37:13","guid":{"rendered":"http:\/\/www.graziani.com\/produits\/magic-packaging-system-extra-eu\/"},"modified":"2023-10-13T07:38:13","modified_gmt":"2023-10-13T07:38:13","slug":"magic-packaging-system-extra-eu","status":"publish","type":"page","link":"https:\/\/www.graziani.com\/fr\/produits\/magic-packaging-system-extra-eu\/","title":{"rendered":"Magic Packaging System &#8211; Extra EU"},"content":{"rendered":"\t\t<div data-elementor-type=\"wp-page\" data-elementor-id=\"6804\" class=\"elementor elementor-6804 elementor-6760\" data-elementor-post-type=\"page\">\n\t\t\t\t\t\t<section class=\"elementor-section elementor-top-section elementor-element elementor-element-85a1107 elementor-section-height-min-height elementor-section-items-stretch elementor-section-boxed elementor-section-height-default\" data-id=\"85a1107\" data-element_type=\"section\" data-settings=\"{&quot;background_background&quot;:&quot;classic&quot;}\">\n\t\t\t\t\t\t\t<div class=\"elementor-background-overlay\"><\/div>\n\t\t\t\t\t\t\t<div class=\"elementor-container elementor-column-gap-default\">\n\t\t\t\t\t<div class=\"elementor-column elementor-col-100 elementor-top-column elementor-element elementor-element-30fdafc elementor-invisible\" data-id=\"30fdafc\" data-element_type=\"column\" data-settings=\"{&quot;animation&quot;:&quot;fadeIn&quot;}\">\n\t\t\t<div class=\"elementor-widget-wrap elementor-element-populated\">\n\t\t\t\t\t\t<div class=\"elementor-element elementor-element-848e516 elementor-widget elementor-widget-image\" data-id=\"848e516\" data-element_type=\"widget\" data-widget_type=\"image.default\">\n\t\t\t\t<div class=\"elementor-widget-container\">\n\t\t\t\t\t\t\t\t\t\t\t\t\t\t\t<img decoding=\"async\" width=\"1\" height=\"1\" src=\"https:\/\/www.graziani.com\/wp-content\/uploads\/2023\/10\/Magic_Graziani_2023_perWEB-01.svg\" class=\"attachment-large size-large wp-image-6875\" alt=\"\" \/>\t\t\t\t\t\t\t\t\t\t\t\t\t\t\t<\/div>\n\t\t\t\t<\/div>\n\t\t\t\t\t<\/div>\n\t\t<\/div>\n\t\t\t\t\t<\/div>\n\t\t<\/section>\n\t\t\t\t<section class=\"elementor-section elementor-top-section elementor-element elementor-element-f45f64b elementor-section-boxed elementor-section-height-default elementor-section-height-default\" data-id=\"f45f64b\" data-element_type=\"section\" data-settings=\"{&quot;background_background&quot;:&quot;classic&quot;}\">\n\t\t\t\t\t\t<div class=\"elementor-container elementor-column-gap-default\">\n\t\t\t\t\t<div class=\"elementor-column elementor-col-50 elementor-top-column elementor-element elementor-element-ba8dac8\" data-id=\"ba8dac8\" data-element_type=\"column\">\n\t\t\t<div class=\"elementor-widget-wrap elementor-element-populated\">\n\t\t\t\t\t\t<div class=\"elementor-element elementor-element-726b213 elementor-widget elementor-widget-heading\" data-id=\"726b213\" data-element_type=\"widget\" data-widget_type=\"heading.default\">\n\t\t\t\t<div class=\"elementor-widget-container\">\n\t\t\t\t\t<h2 class=\"elementor-heading-title elementor-size-default\">Notre Magic Packaging System\u00ae\n<\/h2>\t\t\t\t<\/div>\n\t\t\t\t<\/div>\n\t\t\t\t\t<\/div>\n\t\t<\/div>\n\t\t\t\t<div class=\"elementor-column elementor-col-50 elementor-top-column elementor-element elementor-element-2959b5c\" data-id=\"2959b5c\" data-element_type=\"column\">\n\t\t\t<div class=\"elementor-widget-wrap elementor-element-populated\">\n\t\t\t\t\t\t<div class=\"elementor-element elementor-element-84bc49b main_paragraph elementor-widget elementor-widget-text-editor\" data-id=\"84bc49b\" data-element_type=\"widget\" data-widget_type=\"text-editor.default\">\n\t\t\t\t<div class=\"elementor-widget-container\">\n\t\t\t\t\t\t\t\t\t<p>Magic Packaging System\u00ae, notre marque d\u00e9pos\u00e9e, est un synonyme international de garantie et de qualit\u00e9 : nos corni\u00e8res <strong>Magic Corner\u00ae<\/strong> et nos sangles <strong>Magic Strap\u00ae<\/strong> accompagnent depuis des ann\u00e9es de grandes entreprises internationales exportant des fruits et des produits de grande valeur.<\/p>\n<\/p>\n<p>Quel que soit le secteur d&rsquo;activit\u00e9 de l&rsquo;entreprise, nous sommes un partenaire international fiable qui dispose d&rsquo;une expertise technique \u00e9prouv\u00e9e en mati\u00e8re de palettisation et de transport de marchandises.<\/p>\n\t\t\t\t\t\t\t\t<\/div>\n\t\t\t\t<\/div>\n\t\t\t\t\t<\/div>\n\t\t<\/div>\n\t\t\t\t\t<\/div>\n\t\t<\/section>\n\t\t\t\t<section class=\"elementor-section elementor-top-section elementor-element elementor-element-baa7158 elementor-section-boxed elementor-section-height-default elementor-section-height-default\" data-id=\"baa7158\" data-element_type=\"section\">\n\t\t\t\t\t\t<div class=\"elementor-container elementor-column-gap-default\">\n\t\t\t\t\t<div class=\"elementor-column elementor-col-100 elementor-top-column elementor-element elementor-element-3bffaa7\" data-id=\"3bffaa7\" data-element_type=\"column\">\n\t\t\t<div class=\"elementor-widget-wrap elementor-element-populated\">\n\t\t\t\t\t\t<div class=\"elementor-element elementor-element-74390f9 elementor-absolute elementor-hidden-tablet elementor-hidden-mobile elementor-widget elementor-widget-html\" data-id=\"74390f9\" data-element_type=\"widget\" data-settings=\"{&quot;_position&quot;:&quot;absolute&quot;}\" data-widget_type=\"html.default\">\n\t\t\t\t<div class=\"elementor-widget-container\">\n\t\t\t\t\t<div class=\"mousey\">\n    <div class=\"scroller\"><\/div>\n <\/div>\t\t\t\t<\/div>\n\t\t\t\t<\/div>\n\t\t\t\t\t<\/div>\n\t\t<\/div>\n\t\t\t\t\t<\/div>\n\t\t<\/section>\n\t\t\t\t<section class=\"elementor-section elementor-top-section elementor-element elementor-element-7d2c504 elementor-section-height-min-height elementor-section-items-stretch elementor-section-boxed elementor-section-height-default elementor-invisible\" data-id=\"7d2c504\" data-element_type=\"section\" data-settings=\"{&quot;background_background&quot;:&quot;classic&quot;,&quot;animation&quot;:&quot;fadeIn&quot;}\">\n\t\t\t\t\t\t\t<div class=\"elementor-background-overlay\"><\/div>\n\t\t\t\t\t\t\t<div class=\"elementor-container elementor-column-gap-default\">\n\t\t\t\t\t<div class=\"elementor-column elementor-col-50 elementor-top-column elementor-element elementor-element-db929bc\" data-id=\"db929bc\" data-element_type=\"column\">\n\t\t\t<div class=\"elementor-widget-wrap elementor-element-populated\">\n\t\t\t\t\t\t<div class=\"elementor-element elementor-element-db83a61 elementor-widget elementor-widget-image\" data-id=\"db83a61\" data-element_type=\"widget\" data-widget_type=\"image.default\">\n\t\t\t\t<div class=\"elementor-widget-container\">\n\t\t\t\t\t\t\t\t\t\t\t\t\t\t\t<img decoding=\"async\" src=\"https:\/\/www.graziani.com\/wp-content\/uploads\/2023\/10\/corner-1.svg\" class=\"attachment-full size-full wp-image-6871\" alt=\"\" \/>\t\t\t\t\t\t\t\t\t\t\t\t\t\t\t<\/div>\n\t\t\t\t<\/div>\n\t\t\t\t<div class=\"elementor-element elementor-element-f951dff main_paragraph elementor-hidden-mobile elementor-widget elementor-widget-text-editor\" data-id=\"f951dff\" data-element_type=\"widget\" data-widget_type=\"text-editor.default\">\n\t\t\t\t<div class=\"elementor-widget-container\">\n\t\t\t\t\t\t\t\t\t<p class=\"p1\"><span class=\"s1\">La gamme Magic Corner\u00ae comprend diff\u00e9rents types de cornie\u0300res<\/span>, personnalisables en termes de <b>solidit\u00e9, de fiabilit\u00e9 et de r\u00e9sistance des mat\u00e9riaux<\/b>.<\/p>\n\t\t\t\t\t\t\t\t<\/div>\n\t\t\t\t<\/div>\n\t\t\t\t<div class=\"elementor-element elementor-element-666766b elementor-widget__width-auto animated-slow premium-lq__none elementor-widget elementor-widget-premium-addon-button\" data-id=\"666766b\" data-element_type=\"widget\" data-settings=\"{&quot;_animation&quot;:&quot;none&quot;,&quot;_animation_delay&quot;:200}\" data-widget_type=\"premium-addon-button.default\">\n\t\t\t\t<div class=\"elementor-widget-container\">\n\t\t\t\t\t\r\n\r\n\t\t<a class=\"premium-button premium-button-style1 premium-btn-lg premium-button-style1-left\" href=\"https:\/\/www.graziani.com\/prodotti\/magic-packaging-system\/magic-corner\/\">\r\n\t\t\t<div class=\"premium-button-text-icon-wrapper\">\r\n\t\t\t\t\r\n\t\t\t\t\t\t\t\t\t<span >\r\n\t\t\t\t\t\tD\u00e9couvrez Magic-Corner\u00ae\t\t\t\t\t<\/span>\r\n\t\t\t\t\t\t\t<\/div>\r\n\r\n\t\t\t\r\n\t\t\t\r\n\t\t\t\r\n\t\t<\/a>\r\n\r\n\r\n\t\t\t\t\t\t<\/div>\n\t\t\t\t<\/div>\n\t\t\t\t\t<\/div>\n\t\t<\/div>\n\t\t\t\t<div class=\"elementor-column elementor-col-50 elementor-top-column elementor-element elementor-element-06b7fa1 elementor-hidden-mobile\" data-id=\"06b7fa1\" data-element_type=\"column\">\n\t\t\t<div class=\"elementor-widget-wrap\">\n\t\t\t\t\t\t\t<\/div>\n\t\t<\/div>\n\t\t\t\t\t<\/div>\n\t\t<\/section>\n\t\t\t\t<section class=\"elementor-section elementor-top-section elementor-element elementor-element-fa3d944 elementor-section-height-min-height elementor-section-boxed elementor-section-height-default elementor-section-items-middle\" data-id=\"fa3d944\" data-element_type=\"section\" data-settings=\"{&quot;background_background&quot;:&quot;classic&quot;}\">\n\t\t\t\t\t\t<div class=\"elementor-container elementor-column-gap-default\">\n\t\t\t\t\t<div class=\"elementor-column elementor-col-50 elementor-top-column elementor-element elementor-element-1a415211\" data-id=\"1a415211\" data-element_type=\"column\">\n\t\t\t<div class=\"elementor-widget-wrap elementor-element-populated\">\n\t\t\t\t\t\t<div class=\"elementor-element elementor-element-76510737 magic-pack-logo elementor-widget elementor-widget-image\" data-id=\"76510737\" data-element_type=\"widget\" data-widget_type=\"image.default\">\n\t\t\t\t<div class=\"elementor-widget-container\">\n\t\t\t\t\t\t\t\t\t\t\t\t\t\t\t<img decoding=\"async\" src=\"https:\/\/www.graziani.com\/wp-content\/uploads\/2023\/10\/strap.svg\" class=\"attachment-full size-full wp-image-6867\" alt=\"\" \/>\t\t\t\t\t\t\t\t\t\t\t\t\t\t\t<\/div>\n\t\t\t\t<\/div>\n\t\t\t\t<div class=\"elementor-element elementor-element-3bd98a6f main_paragraph elementor-widget elementor-widget-text-editor\" data-id=\"3bd98a6f\" data-element_type=\"widget\" data-widget_type=\"text-editor.default\">\n\t\t\t\t<div class=\"elementor-widget-container\">\n\t\t\t\t\t\t\t\t\t<p class=\"p1\"><span class=\"s1\">Les <b>feuillards<\/b><\/span> de haute qualit\u00e9 sont tr\u00e8s <b>flexibles<\/b> et <b>usinables<\/b><span class=\"s1\">.<\/span><\/p>\n\t\t\t\t\t\t\t\t<\/div>\n\t\t\t\t<\/div>\n\t\t\t\t<div class=\"elementor-element elementor-element-188a8d14 elementor-widget__width-auto animated-slow premium-lq__none elementor-widget elementor-widget-premium-addon-button\" data-id=\"188a8d14\" data-element_type=\"widget\" data-settings=\"{&quot;_animation&quot;:&quot;none&quot;,&quot;_animation_delay&quot;:200}\" data-widget_type=\"premium-addon-button.default\">\n\t\t\t\t<div class=\"elementor-widget-container\">\n\t\t\t\t\t\r\n\r\n\t\t<a class=\"premium-button premium-button-style1 premium-btn-lg premium-button-style1-left\" href=\"https:\/\/www.graziani.com\/prodotti\/magic-packaging-system\/magic-strap\/\">\r\n\t\t\t<div class=\"premium-button-text-icon-wrapper\">\r\n\t\t\t\t\r\n\t\t\t\t\t\t\t\t\t<span >\r\n\t\t\t\t\t\tD\u00e9couvrez Magic-Strap\u00ae\t\t\t\t\t<\/span>\r\n\t\t\t\t\t\t\t<\/div>\r\n\r\n\t\t\t\r\n\t\t\t\r\n\t\t\t\r\n\t\t<\/a>\r\n\r\n\r\n\t\t\t\t\t\t<\/div>\n\t\t\t\t<\/div>\n\t\t\t\t\t<\/div>\n\t\t<\/div>\n\t\t\t\t<div class=\"elementor-column elementor-col-50 elementor-top-column elementor-element elementor-element-51e39d01\" data-id=\"51e39d01\" data-element_type=\"column\">\n\t\t\t<div class=\"elementor-widget-wrap\">\n\t\t\t\t\t\t\t<\/div>\n\t\t<\/div>\n\t\t\t\t\t<\/div>\n\t\t<\/section>\n\t\t\t\t<section class=\"elementor-section elementor-top-section elementor-element elementor-element-5b86399 elementor-section-full_width elementor-section-items-stretch elementor-section-content-top elementor-reverse-mobile elementor-section-height-min-height elementor-section-height-default\" data-id=\"5b86399\" data-element_type=\"section\" data-settings=\"{&quot;background_background&quot;:&quot;classic&quot;}\">\n\t\t\t\t\t\t<div class=\"elementor-container elementor-column-gap-default\">\n\t\t\t\t\t<div class=\"elementor-column elementor-col-50 elementor-top-column elementor-element elementor-element-51efdc60\" data-id=\"51efdc60\" data-element_type=\"column\">\n\t\t\t<div class=\"elementor-widget-wrap elementor-element-populated\">\n\t\t\t\t\t\t<div class=\"elementor-element elementor-element-543799cc main_sec_title elementor-widget elementor-widget-heading\" data-id=\"543799cc\" data-element_type=\"widget\" data-widget_type=\"heading.default\">\n\t\t\t\t<div class=\"elementor-widget-container\">\n\t\t\t\t\t<h2 class=\"elementor-heading-title elementor-size-default\">8 conseils pour une palettisation impeccable \n<\/h2>\t\t\t\t<\/div>\n\t\t\t\t<\/div>\n\t\t\t\t<div class=\"elementor-element elementor-element-2c02b3fe main_paragraph elementor-widget elementor-widget-text-editor\" data-id=\"2c02b3fe\" data-element_type=\"widget\" data-widget_type=\"text-editor.default\">\n\t\t\t\t<div class=\"elementor-widget-container\">\n\t\t\t\t\t\t\t\t\t<ul class=\"numbered-list\">\n \t<li>Appliquez toujours les 4 coins de la palette.\n<\/li>\n \t<li> Monter les sangles \u00e0 la m\u00eame distance les unes des autres. <\/li>\n \t<li>Utilisez des cartons de bonne qualit\u00e9, afin que la palette ne s&rsquo;effondre pas en raison de la faiblesse du carton utilis\u00e9.<\/li>\n \t<li>Empiler les bo\u00eetes en les alignant sur le profil de la palette \u00e0 la base, afin d&rsquo;\u00e9viter la d\u00e9formation des coins. \u00c9liminer les espaces entre les paquets pour \u00e9viter qu&rsquo;ils ne se d\u00e9placent pendant le transport.<\/li>\n \t<li>Installez les coins \u00e0 une distance de 2&Prime; (5 cm) du sol pour \u00e9viter qu&rsquo;ils ne touchent des surfaces humides et ne se mouillent.<\/li>\n\n<li>Appliquez la premi\u00e8re ligne de cerclage \u00e0 une distance de 8-12&Prime;(20-30 cm) du sol afin de l&rsquo;\u00e9loigner de la base de la premi\u00e8re caisse, qui est le point le plus faible de toute la palette. \n<\/li>\n\n<li>Les lignes de cerclage doivent \u00eatre mont\u00e9es loin du point de rencontre entre deux caisses, car il s&rsquo;agit d&rsquo;une autre partie tr\u00e8s fragile du profil de la palette.<\/li>\n\n<li> Appliquez une pression suffisante sur les sangles pour marquer l\u00e9g\u00e8rement les pi\u00e8ces d&rsquo;angle, mais sans exag\u00e9rer et risquer de les fragiliser.\n<\/li>\n<\/ul>\t\t\t\t\t\t\t\t<\/div>\n\t\t\t\t<\/div>\n\t\t\t\t\t<\/div>\n\t\t<\/div>\n\t\t\t\t<div class=\"elementor-column elementor-col-50 elementor-top-column elementor-element elementor-element-67ffb7c\" data-id=\"67ffb7c\" data-element_type=\"column\" data-settings=\"{&quot;background_background&quot;:&quot;classic&quot;}\">\n\t\t\t<div class=\"elementor-widget-wrap elementor-element-populated\">\n\t\t\t\t\t\t<div class=\"elementor-element elementor-element-2cba4d5d elementor-hidden-desktop elementor-hidden-laptop elementor-hidden-tablet elementor-widget elementor-widget-image\" data-id=\"2cba4d5d\" data-element_type=\"widget\" data-widget_type=\"image.default\">\n\t\t\t\t<div class=\"elementor-widget-container\">\n\t\t\t\t\t\t\t\t\t\t\t\t\t\t\t<img fetchpriority=\"high\" decoding=\"async\" width=\"960\" height=\"820\" src=\"https:\/\/www.graziani.com\/wp-content\/uploads\/2023\/08\/extra-eu.png\" class=\"attachment-full size-full wp-image-6768\" alt=\"\" srcset=\"https:\/\/www.graziani.com\/wp-content\/uploads\/2023\/08\/extra-eu.png 960w, https:\/\/www.graziani.com\/wp-content\/uploads\/2023\/08\/extra-eu-300x256.png 300w, https:\/\/www.graziani.com\/wp-content\/uploads\/2023\/08\/extra-eu-768x656.png 768w\" sizes=\"(max-width: 960px) 100vw, 960px\" style=\"width:100%;height:85.42%;max-width:960px\" \/>\t\t\t\t\t\t\t\t\t\t\t\t\t\t\t<\/div>\n\t\t\t\t<\/div>\n\t\t\t\t\t<\/div>\n\t\t<\/div>\n\t\t\t\t\t<\/div>\n\t\t<\/section>\n\t\t\t\t<\/div>\n\t\t","protected":false},"excerpt":{"rendered":"<p>Notre Magic Packaging System\u00ae Magic Packaging System\u00ae, notre marque d\u00e9pos\u00e9e, est un synonyme international de garantie et de qualit\u00e9 : nos corni\u00e8res Magic Corner\u00ae et nos sangles Magic Strap\u00ae accompagnent depuis des ann\u00e9es de grandes entreprises internationales exportant des fruits et des produits de grande valeur. Quel que soit le secteur d&rsquo;activit\u00e9 de l&rsquo;entreprise, nous&hellip; <a class=\"more-link\" href=\"https:\/\/www.graziani.com\/fr\/produits\/magic-packaging-system-extra-eu\/\">Poursuivre la lecture <span class=\"screen-reader-text\">Magic Packaging System &#8211; Extra EU<\/span><\/a><\/p>\n","protected":false},"author":9,"featured_media":0,"parent":6443,"menu_order":10,"comment_status":"closed","ping_status":"closed","template":"elementor_header_footer","meta":{"_acf_changed":false,"footnotes":""},"class_list":["post-6804","page","type-page","status-publish","hentry","entry"],"acf":[],"yoast_head":"<!-- This site is optimized with the Yoast SEO plugin v26.8 - https:\/\/yoast.com\/product\/yoast-seo-wordpress\/ -->\n<title>Magic Packaging System - Extra EU - Graziani Packaging<\/title>\n<meta name=\"robots\" content=\"index, follow, max-snippet:-1, max-image-preview:large, max-video-preview:-1\" \/>\n<link rel=\"canonical\" href=\"https:\/\/www.graziani.com\/fr\/produits\/magic-packaging-system-extra-eu\/\" \/>\n<meta property=\"og:locale\" content=\"fr_FR\" \/>\n<meta property=\"og:type\" content=\"article\" \/>\n<meta property=\"og:title\" content=\"Magic Packaging System - Extra EU - Graziani Packaging\" \/>\n<meta property=\"og:description\" content=\"Notre Magic Packaging System\u00ae Magic Packaging System\u00ae, notre marque d\u00e9pos\u00e9e, est un synonyme international de garantie et de qualit\u00e9 : nos corni\u00e8res Magic Corner\u00ae et nos sangles Magic Strap\u00ae accompagnent depuis des ann\u00e9es de grandes entreprises internationales exportant des fruits et des produits de grande valeur. Quel que soit le secteur d&rsquo;activit\u00e9 de l&rsquo;entreprise, nous&hellip; Poursuivre la lecture Magic Packaging System &#8211; Extra EU\" \/>\n<meta property=\"og:url\" content=\"https:\/\/www.graziani.com\/fr\/produits\/magic-packaging-system-extra-eu\/\" \/>\n<meta property=\"og:site_name\" content=\"Graziani Packaging\" \/>\n<meta property=\"article:modified_time\" content=\"2023-10-13T07:38:13+00:00\" \/>\n<meta property=\"og:image\" content=\"http:\/\/www.graziani.com\/wp-content\/uploads\/2023\/10\/Magic_Graziani_2023_perWEB-01.svg\" \/>\n<meta name=\"twitter:card\" content=\"summary_large_image\" \/>\n<meta name=\"twitter:label1\" content=\"Dur\u00e9e de lecture estim\u00e9e\" \/>\n\t<meta name=\"twitter:data1\" content=\"2 minutes\" \/>\n<script type=\"application\/ld+json\" class=\"yoast-schema-graph\">{\"@context\":\"https:\/\/schema.org\",\"@graph\":[{\"@type\":\"WebPage\",\"@id\":\"https:\/\/www.graziani.com\/fr\/produits\/magic-packaging-system-extra-eu\/\",\"url\":\"https:\/\/www.graziani.com\/fr\/produits\/magic-packaging-system-extra-eu\/\",\"name\":\"Magic Packaging System - Extra EU - Graziani Packaging\",\"isPartOf\":{\"@id\":\"https:\/\/www.graziani.com\/fr\/#website\"},\"primaryImageOfPage\":{\"@id\":\"https:\/\/www.graziani.com\/fr\/produits\/magic-packaging-system-extra-eu\/#primaryimage\"},\"image\":{\"@id\":\"https:\/\/www.graziani.com\/fr\/produits\/magic-packaging-system-extra-eu\/#primaryimage\"},\"thumbnailUrl\":\"http:\/\/www.graziani.com\/wp-content\/uploads\/2023\/10\/Magic_Graziani_2023_perWEB-01.svg\",\"datePublished\":\"2023-08-02T08:37:13+00:00\",\"dateModified\":\"2023-10-13T07:38:13+00:00\",\"breadcrumb\":{\"@id\":\"https:\/\/www.graziani.com\/fr\/produits\/magic-packaging-system-extra-eu\/#breadcrumb\"},\"inLanguage\":\"fr-FR\",\"potentialAction\":[{\"@type\":\"ReadAction\",\"target\":[\"https:\/\/www.graziani.com\/fr\/produits\/magic-packaging-system-extra-eu\/\"]}]},{\"@type\":\"ImageObject\",\"inLanguage\":\"fr-FR\",\"@id\":\"https:\/\/www.graziani.com\/fr\/produits\/magic-packaging-system-extra-eu\/#primaryimage\",\"url\":\"http:\/\/www.graziani.com\/wp-content\/uploads\/2023\/10\/Magic_Graziani_2023_perWEB-01.svg\",\"contentUrl\":\"http:\/\/www.graziani.com\/wp-content\/uploads\/2023\/10\/Magic_Graziani_2023_perWEB-01.svg\"},{\"@type\":\"BreadcrumbList\",\"@id\":\"https:\/\/www.graziani.com\/fr\/produits\/magic-packaging-system-extra-eu\/#breadcrumb\",\"itemListElement\":[{\"@type\":\"ListItem\",\"position\":1,\"name\":\"Home\",\"item\":\"https:\/\/www.graziani.com\/fr\/\"},{\"@type\":\"ListItem\",\"position\":2,\"name\":\"Produits\",\"item\":\"https:\/\/www.graziani.com\/fr\/produits\/\"},{\"@type\":\"ListItem\",\"position\":3,\"name\":\"Magic Packaging System &#8211; Extra EU\"}]},{\"@type\":\"WebSite\",\"@id\":\"https:\/\/www.graziani.com\/fr\/#website\",\"url\":\"https:\/\/www.graziani.com\/fr\/\",\"name\":\"Graziani Packaging\",\"description\":\"\",\"publisher\":{\"@id\":\"https:\/\/www.graziani.com\/fr\/#organization\"},\"potentialAction\":[{\"@type\":\"SearchAction\",\"target\":{\"@type\":\"EntryPoint\",\"urlTemplate\":\"https:\/\/www.graziani.com\/fr\/?s={search_term_string}\"},\"query-input\":{\"@type\":\"PropertyValueSpecification\",\"valueRequired\":true,\"valueName\":\"search_term_string\"}}],\"inLanguage\":\"fr-FR\"},{\"@type\":\"Organization\",\"@id\":\"https:\/\/www.graziani.com\/fr\/#organization\",\"name\":\"Graziani Packaging\",\"url\":\"https:\/\/www.graziani.com\/fr\/\",\"logo\":{\"@type\":\"ImageObject\",\"inLanguage\":\"fr-FR\",\"@id\":\"https:\/\/www.graziani.com\/fr\/#\/schema\/logo\/image\/\",\"url\":\"http:\/\/www.graziani.com\/wp-content\/uploads\/2023\/05\/cropped-cropped-Senza-titolo-1.png\",\"contentUrl\":\"http:\/\/www.graziani.com\/wp-content\/uploads\/2023\/05\/cropped-cropped-Senza-titolo-1.png\",\"width\":144,\"height\":144,\"caption\":\"Graziani Packaging\"},\"image\":{\"@id\":\"https:\/\/www.graziani.com\/fr\/#\/schema\/logo\/image\/\"}}]}<\/script>\n<!-- \/ Yoast SEO plugin. -->","yoast_head_json":{"title":"Magic Packaging System - Extra EU - Graziani Packaging","robots":{"index":"index","follow":"follow","max-snippet":"max-snippet:-1","max-image-preview":"max-image-preview:large","max-video-preview":"max-video-preview:-1"},"canonical":"https:\/\/www.graziani.com\/fr\/produits\/magic-packaging-system-extra-eu\/","og_locale":"fr_FR","og_type":"article","og_title":"Magic Packaging System - Extra EU - Graziani Packaging","og_description":"Notre Magic Packaging System\u00ae Magic Packaging System\u00ae, notre marque d\u00e9pos\u00e9e, est un synonyme international de garantie et de qualit\u00e9 : nos corni\u00e8res Magic Corner\u00ae et nos sangles Magic Strap\u00ae accompagnent depuis des ann\u00e9es de grandes entreprises internationales exportant des fruits et des produits de grande valeur. Quel que soit le secteur d&rsquo;activit\u00e9 de l&rsquo;entreprise, nous&hellip; Poursuivre la lecture Magic Packaging System &#8211; Extra EU","og_url":"https:\/\/www.graziani.com\/fr\/produits\/magic-packaging-system-extra-eu\/","og_site_name":"Graziani Packaging","article_modified_time":"2023-10-13T07:38:13+00:00","og_image":[{"url":"http:\/\/www.graziani.com\/wp-content\/uploads\/2023\/10\/Magic_Graziani_2023_perWEB-01.svg","type":"","width":"","height":""}],"twitter_card":"summary_large_image","twitter_misc":{"Dur\u00e9e de lecture estim\u00e9e":"2 minutes"},"schema":{"@context":"https:\/\/schema.org","@graph":[{"@type":"WebPage","@id":"https:\/\/www.graziani.com\/fr\/produits\/magic-packaging-system-extra-eu\/","url":"https:\/\/www.graziani.com\/fr\/produits\/magic-packaging-system-extra-eu\/","name":"Magic Packaging System - Extra EU - Graziani Packaging","isPartOf":{"@id":"https:\/\/www.graziani.com\/fr\/#website"},"primaryImageOfPage":{"@id":"https:\/\/www.graziani.com\/fr\/produits\/magic-packaging-system-extra-eu\/#primaryimage"},"image":{"@id":"https:\/\/www.graziani.com\/fr\/produits\/magic-packaging-system-extra-eu\/#primaryimage"},"thumbnailUrl":"http:\/\/www.graziani.com\/wp-content\/uploads\/2023\/10\/Magic_Graziani_2023_perWEB-01.svg","datePublished":"2023-08-02T08:37:13+00:00","dateModified":"2023-10-13T07:38:13+00:00","breadcrumb":{"@id":"https:\/\/www.graziani.com\/fr\/produits\/magic-packaging-system-extra-eu\/#breadcrumb"},"inLanguage":"fr-FR","potentialAction":[{"@type":"ReadAction","target":["https:\/\/www.graziani.com\/fr\/produits\/magic-packaging-system-extra-eu\/"]}]},{"@type":"ImageObject","inLanguage":"fr-FR","@id":"https:\/\/www.graziani.com\/fr\/produits\/magic-packaging-system-extra-eu\/#primaryimage","url":"http:\/\/www.graziani.com\/wp-content\/uploads\/2023\/10\/Magic_Graziani_2023_perWEB-01.svg","contentUrl":"http:\/\/www.graziani.com\/wp-content\/uploads\/2023\/10\/Magic_Graziani_2023_perWEB-01.svg"},{"@type":"BreadcrumbList","@id":"https:\/\/www.graziani.com\/fr\/produits\/magic-packaging-system-extra-eu\/#breadcrumb","itemListElement":[{"@type":"ListItem","position":1,"name":"Home","item":"https:\/\/www.graziani.com\/fr\/"},{"@type":"ListItem","position":2,"name":"Produits","item":"https:\/\/www.graziani.com\/fr\/produits\/"},{"@type":"ListItem","position":3,"name":"Magic Packaging System &#8211; Extra EU"}]},{"@type":"WebSite","@id":"https:\/\/www.graziani.com\/fr\/#website","url":"https:\/\/www.graziani.com\/fr\/","name":"Graziani Packaging","description":"","publisher":{"@id":"https:\/\/www.graziani.com\/fr\/#organization"},"potentialAction":[{"@type":"SearchAction","target":{"@type":"EntryPoint","urlTemplate":"https:\/\/www.graziani.com\/fr\/?s={search_term_string}"},"query-input":{"@type":"PropertyValueSpecification","valueRequired":true,"valueName":"search_term_string"}}],"inLanguage":"fr-FR"},{"@type":"Organization","@id":"https:\/\/www.graziani.com\/fr\/#organization","name":"Graziani Packaging","url":"https:\/\/www.graziani.com\/fr\/","logo":{"@type":"ImageObject","inLanguage":"fr-FR","@id":"https:\/\/www.graziani.com\/fr\/#\/schema\/logo\/image\/","url":"http:\/\/www.graziani.com\/wp-content\/uploads\/2023\/05\/cropped-cropped-Senza-titolo-1.png","contentUrl":"http:\/\/www.graziani.com\/wp-content\/uploads\/2023\/05\/cropped-cropped-Senza-titolo-1.png","width":144,"height":144,"caption":"Graziani Packaging"},"image":{"@id":"https:\/\/www.graziani.com\/fr\/#\/schema\/logo\/image\/"}}]}},"_links":{"self":[{"href":"https:\/\/www.graziani.com\/fr\/wp-json\/wp\/v2\/pages\/6804","targetHints":{"allow":["GET"]}}],"collection":[{"href":"https:\/\/www.graziani.com\/fr\/wp-json\/wp\/v2\/pages"}],"about":[{"href":"https:\/\/www.graziani.com\/fr\/wp-json\/wp\/v2\/types\/page"}],"author":[{"embeddable":true,"href":"https:\/\/www.graziani.com\/fr\/wp-json\/wp\/v2\/users\/9"}],"replies":[{"embeddable":true,"href":"https:\/\/www.graziani.com\/fr\/wp-json\/wp\/v2\/comments?post=6804"}],"version-history":[{"count":0,"href":"https:\/\/www.graziani.com\/fr\/wp-json\/wp\/v2\/pages\/6804\/revisions"}],"up":[{"embeddable":true,"href":"https:\/\/www.graziani.com\/fr\/wp-json\/wp\/v2\/pages\/6443"}],"wp:attachment":[{"href":"https:\/\/www.graziani.com\/fr\/wp-json\/wp\/v2\/media?parent=6804"}],"curies":[{"name":"wp","href":"https:\/\/api.w.org\/{rel}","templated":true}]}}