{"id":7165,"date":"2023-11-09T08:59:15","date_gmt":"2023-11-09T08:59:15","guid":{"rendered":"http:\/\/www.graziani.com\/empresa\/historia-2\/"},"modified":"2023-11-10T09:19:00","modified_gmt":"2023-11-10T09:19:00","slug":"historia-extra-eu","status":"publish","type":"page","link":"https:\/\/www.graziani.com\/es\/empresa\/historia-extra-eu\/","title":{"rendered":"Historia"},"content":{"rendered":"\t\t<div data-elementor-type=\"wp-page\" data-elementor-id=\"7165\" class=\"elementor elementor-7165 elementor-7139\" data-elementor-post-type=\"page\">\n\t\t\t\t\t\t<section class=\"elementor-section elementor-top-section elementor-element elementor-element-d006824 elementor-section-height-min-height elementor-section-items-top elementor-section-boxed elementor-section-height-default\" data-id=\"d006824\" data-element_type=\"section\" data-settings=\"{&quot;background_background&quot;:&quot;classic&quot;}\">\n\t\t\t\t\t\t\t<div class=\"elementor-background-overlay\"><\/div>\n\t\t\t\t\t\t\t<div class=\"elementor-container elementor-column-gap-default\">\n\t\t\t\t\t<div class=\"elementor-column elementor-col-100 elementor-top-column elementor-element elementor-element-ae61fd7 elementor-invisible\" data-id=\"ae61fd7\" data-element_type=\"column\" data-settings=\"{&quot;animation&quot;:&quot;fadeIn&quot;}\">\n\t\t\t<div class=\"elementor-widget-wrap elementor-element-populated\">\n\t\t\t\t\t\t<div class=\"elementor-element elementor-element-96f737d elementor-widget__width-initial main_title elementor-widget elementor-widget-heading\" data-id=\"96f737d\" data-element_type=\"widget\" data-widget_type=\"heading.default\">\n\t\t\t\t<div class=\"elementor-widget-container\">\n\t\t\t\t\t<h1 class=\"elementor-heading-title elementor-size-default\">Una trayectoria de m\u00e1s de sesenta a\u00f1os<\/h1>\t\t\t\t<\/div>\n\t\t\t\t<\/div>\n\t\t\t\t\t<\/div>\n\t\t<\/div>\n\t\t\t\t\t<\/div>\n\t\t<\/section>\n\t\t\t\t<section class=\"elementor-section elementor-top-section elementor-element elementor-element-8966bb3 elementor-section-boxed elementor-section-height-default elementor-section-height-default\" data-id=\"8966bb3\" data-element_type=\"section\">\n\t\t\t\t\t\t<div class=\"elementor-container elementor-column-gap-default\">\n\t\t\t\t\t<div class=\"elementor-column elementor-col-100 elementor-top-column elementor-element elementor-element-e4cc24c\" data-id=\"e4cc24c\" data-element_type=\"column\">\n\t\t\t<div class=\"elementor-widget-wrap elementor-element-populated\">\n\t\t\t\t\t\t<div class=\"elementor-element elementor-element-f0f7480 elementor-absolute elementor-hidden-tablet elementor-hidden-mobile elementor-widget elementor-widget-html\" data-id=\"f0f7480\" data-element_type=\"widget\" data-settings=\"{&quot;_position&quot;:&quot;absolute&quot;}\" data-widget_type=\"html.default\">\n\t\t\t\t<div class=\"elementor-widget-container\">\n\t\t\t\t\t<div class=\"mousey\">\n    <div class=\"scroller\"><\/div>\n <\/div>\t\t\t\t<\/div>\n\t\t\t\t<\/div>\n\t\t\t\t\t<\/div>\n\t\t<\/div>\n\t\t\t\t\t<\/div>\n\t\t<\/section>\n\t\t\t\t<section class=\"elementor-section elementor-top-section elementor-element elementor-element-0cb993c elementor-section-full_width elementor-section-items-stretch elementor-section-height-min-height elementor-reverse-mobile elementor-section-height-default\" data-id=\"0cb993c\" data-element_type=\"section\" data-settings=\"{&quot;background_background&quot;:&quot;classic&quot;}\">\n\t\t\t\t\t\t<div class=\"elementor-container elementor-column-gap-default\">\n\t\t\t\t\t<div class=\"elementor-column elementor-col-50 elementor-top-column elementor-element elementor-element-99b2c91 elementor-invisible\" data-id=\"99b2c91\" data-element_type=\"column\" data-settings=\"{&quot;background_background&quot;:&quot;classic&quot;,&quot;animation&quot;:&quot;fadeInLeft&quot;}\">\n\t\t\t<div class=\"elementor-widget-wrap elementor-element-populated\">\n\t\t\t\t\t\t<div class=\"elementor-element elementor-element-569eaff elementor-widget elementor-widget-spacer\" data-id=\"569eaff\" data-element_type=\"widget\" data-widget_type=\"spacer.default\">\n\t\t\t\t<div class=\"elementor-widget-container\">\n\t\t\t\t\t\t\t<div class=\"elementor-spacer\">\n\t\t\t<div class=\"elementor-spacer-inner\"><\/div>\n\t\t<\/div>\n\t\t\t\t\t\t<\/div>\n\t\t\t\t<\/div>\n\t\t\t\t\t<\/div>\n\t\t<\/div>\n\t\t\t\t<div class=\"elementor-column elementor-col-50 elementor-top-column elementor-element elementor-element-113d796 shadow_effect elementor-invisible\" data-id=\"113d796\" data-element_type=\"column\" data-settings=\"{&quot;animation&quot;:&quot;fadeInRight&quot;}\">\n\t\t\t<div class=\"elementor-widget-wrap elementor-element-populated\">\n\t\t\t\t\t\t<section class=\"elementor-section elementor-inner-section elementor-element elementor-element-9d5442a elementor-section-boxed elementor-section-height-default elementor-section-height-default\" data-id=\"9d5442a\" data-element_type=\"section\">\n\t\t\t\t\t\t<div class=\"elementor-container elementor-column-gap-default\">\n\t\t\t\t\t<div class=\"elementor-column elementor-col-100 elementor-inner-column elementor-element elementor-element-054afd8\" data-id=\"054afd8\" data-element_type=\"column\">\n\t\t\t<div class=\"elementor-widget-wrap elementor-element-populated\">\n\t\t\t\t\t\t<div class=\"elementor-element elementor-element-e350306 elementor-widget elementor-widget-text-editor\" data-id=\"e350306\" data-element_type=\"widget\" data-widget_type=\"text-editor.default\">\n\t\t\t\t<div class=\"elementor-widget-container\">\n\t\t\t\t\t\t\t\t\t<h2 class=\"title_date\">1962<\/h2>\n<p class=\"p1\">Guido Enrico Graziani, fundador de Graziani Packaging, abre una tienda de 150 metros cuadrados dedicada a la venta de art\u00edculos de embalaje frente al mercado de hortofrut\u00edcola de Cesena.<\/p>\t\t\t\t\t\t\t\t<\/div>\n\t\t\t\t<\/div>\n\t\t\t\t<div class=\"elementor-element elementor-element-f5db238 elementor-widget elementor-widget-text-editor\" data-id=\"f5db238\" data-element_type=\"widget\" data-widget_type=\"text-editor.default\">\n\t\t\t\t<div class=\"elementor-widget-container\">\n\t\t\t\t\t\t\t\t\t<h2 class=\"title_date\">1980<\/h2>\n<p class=\"p1\">El hijo mayor, Roberto Graziani, decide seguir los pasos de su padre y dedicarse al crecimiento de la empresa.<\/p>\t\t\t\t\t\t\t\t<\/div>\n\t\t\t\t<\/div>\n\t\t\t\t<div class=\"elementor-element elementor-element-b502831 elementor-widget elementor-widget-text-editor\" data-id=\"b502831\" data-element_type=\"widget\" data-widget_type=\"text-editor.default\">\n\t\t\t\t<div class=\"elementor-widget-container\">\n\t\t\t\t\t\t\t\t\t<h2 class=\"title_date\">1981<\/h2>\nSe inaugura el primer almac\u00e9n mayorista de 1200 metros cuadrados en Cesena. 1981 marca tambi\u00e9n el inicio de una asociaci\u00f3n comercial representativa con dos grupos multinacionales muy importantes: uno especializado en envases de cart\u00f3n y el otro en bandejas de pl\u00e1stico.\t\t\t\t\t\t\t\t<\/div>\n\t\t\t\t<\/div>\n\t\t\t\t<div class=\"elementor-element elementor-element-ff70eaa elementor-widget elementor-widget-text-editor\" data-id=\"ff70eaa\" data-element_type=\"widget\" data-widget_type=\"text-editor.default\">\n\t\t\t\t<div class=\"elementor-widget-container\">\n\t\t\t\t\t\t\t\t\t<h2 class=\"title_date\">1985<\/h2>\nOtros dos hermanos se incorporan a la empresa, Maurizio y Stefano, ambos exjugadores de voleibol, como Roberto.\t\t\t\t\t\t\t\t<\/div>\n\t\t\t\t<\/div>\n\t\t\t\t<div class=\"elementor-element elementor-element-fd14b7f elementor-widget elementor-widget-text-editor\" data-id=\"fd14b7f\" data-element_type=\"widget\" data-widget_type=\"text-editor.default\">\n\t\t\t\t<div class=\"elementor-widget-container\">\n\t\t\t\t\t\t\t\t\t<h2 class=\"title_date\">1990<\/h2>\nA principios de los a\u00f1os noventa se instala la primera planta de producci\u00f3n: una gran cortadora para la transformaci\u00f3n de papel especial para frutas y verduras. Guido Enrico se retira de la empresa familiar.\t\t\t\t\t\t\t\t<\/div>\n\t\t\t\t<\/div>\n\t\t\t\t<div class=\"elementor-element elementor-element-7ff586b elementor-widget elementor-widget-text-editor\" data-id=\"7ff586b\" data-element_type=\"widget\" data-widget_type=\"text-editor.default\">\n\t\t\t\t<div class=\"elementor-widget-container\">\n\t\t\t\t\t\t\t\t\t<h2 class=\"title_date\">1997<\/h2>\nA mediados de 1997, se instala la primera m\u00e1quina de producci\u00f3n de cantoneras prensado. Nace la marca registrada Magic-Corner\u00ae, la cantonera con fuerza m\u00e1gica. Entretanto, la direcci\u00f3n decide tambi\u00e9n diversificar la gama de productos con la l\u00ednea \u00abDesechable &amp; Limpio\u00bb para colectividades.\t\t\t\t\t\t\t\t<\/div>\n\t\t\t\t<\/div>\n\t\t\t\t<div class=\"elementor-element elementor-element-84f6ad5 elementor-widget elementor-widget-text-editor\" data-id=\"84f6ad5\" data-element_type=\"widget\" data-widget_type=\"text-editor.default\">\n\t\t\t\t<div class=\"elementor-widget-container\">\n\t\t\t\t\t\t\t\t\t<h2 class=\"title_date\">2000<\/h2>\nGraziani Packaging adquiere una peque\u00f1a empresa familiar en Sicilia especializada en la producci\u00f3n de cantoneras de cart\u00f3n. De este modo, el Magic-Corner\u00ae aterriza tambi\u00e9n en el sur de Italia. Mientras tanto, en Cesena las l\u00edneas de producci\u00f3n se duplican y se convierten en dos.\t\t\t\t\t\t\t\t<\/div>\n\t\t\t\t<\/div>\n\t\t\t\t<div class=\"elementor-element elementor-element-6153d60 elementor-widget elementor-widget-text-editor\" data-id=\"6153d60\" data-element_type=\"widget\" data-widget_type=\"text-editor.default\">\n\t\t\t\t<div class=\"elementor-widget-container\">\n\t\t\t\t\t\t\t\t\t<h2 class=\"title_date\">2005<\/h2>\nA principios del nuevo milenio, las l\u00edneas de producci\u00f3n de Cesena se convierten en tres, para satisfacer adecuadamente las crecientes exigencias del mercado. Graziani Packaging participa en la fundaci\u00f3n, junto con otra decena de empresas l\u00edderes del sector, del <strong>Consorcio Mediterranean Fruit Company.<\/strong>\nComienza as\u00ed el proceso de internacionalizaci\u00f3n de la empresa. Al mismo tiempo, para reforzar el sector de \u00abDesechables y Detergentes\u00bb, se crea \u00abPieri &amp; Graziani\u00bb, junto con Pieri, la familia hist\u00f3rica de estos productos. Graziani Packaging obtiene tambi\u00e9n la certificaci\u00f3n de la <strong> Iso-2000 Tuv.<\/strong>\t\t\t\t\t\t\t\t<\/div>\n\t\t\t\t<\/div>\n\t\t\t\t<div class=\"elementor-element elementor-element-64fb511 elementor-widget elementor-widget-text-editor\" data-id=\"64fb511\" data-element_type=\"widget\" data-widget_type=\"text-editor.default\">\n\t\t\t\t<div class=\"elementor-widget-container\">\n\t\t\t\t\t\t\t\t\t<h2 class=\"title_date\">2009<\/h2>\nSe inaugura la nueva sede en Bora di Mercato Saraceno, a lo largo de la gran arteria viaria R\u00e1vena-Roma. Entretanto, se inaugura tambi\u00e9n la nueva unidad productiva de la empresa, en la provincia de Valencia, Espa\u00f1a, establecida junto a sus hist\u00f3ricos colaboradores espa\u00f1oles. Nace as\u00ed <strong>Magic Corner Espa\u00f1a.<\/strong>\t\t\t\t\t\t\t\t<\/div>\n\t\t\t\t<\/div>\n\t\t\t\t<div class=\"elementor-element elementor-element-57f1d8d elementor-widget elementor-widget-text-editor\" data-id=\"57f1d8d\" data-element_type=\"widget\" data-widget_type=\"text-editor.default\">\n\t\t\t\t<div class=\"elementor-widget-container\">\n\t\t\t\t\t\t\t\t\t<h2 class=\"title_date\">2010<\/h2>\nSe adquiere la producci\u00f3n de una peque\u00f1a empresa italiana especializada en redes extruidas. Nace la l\u00ednea <strong>Magic-Net\u00ae.<\/strong> Ese mismo a\u00f1o se interrumpe la experiencia productiva siciliana: una decisi\u00f3n dolorosa pero inevitable.\t\t\t\t\t\t\t\t<\/div>\n\t\t\t\t<\/div>\n\t\t\t\t<div class=\"elementor-element elementor-element-ee29c91 elementor-widget elementor-widget-text-editor\" data-id=\"ee29c91\" data-element_type=\"widget\" data-widget_type=\"text-editor.default\">\n\t\t\t\t<div class=\"elementor-widget-container\">\n\t\t\t\t\t\t\t\t\t<h2 class=\"title_date\">2012<\/h2>\nSe inaugura en Bora una nueva y moderna planta de producci\u00f3n de flejes de pl\u00e1stico PP y Pet.\nEl proceso de producci\u00f3n consiste en utilizar escamas de botella para transformarlas en gr\u00e1nulo y producto acabado. As\u00ed nace el fleje <strong>Magic-Strap\u00ae.<\/strong> Se interrumpe la actividad de \u00abPieri &amp; Graziani\u00bb, que se convierte en el Grupo Pieri.\t\t\t\t\t\t\t\t<\/div>\n\t\t\t\t<\/div>\n\t\t\t\t<div class=\"elementor-element elementor-element-261c51e elementor-widget elementor-widget-text-editor\" data-id=\"261c51e\" data-element_type=\"widget\" data-widget_type=\"text-editor.default\">\n\t\t\t\t<div class=\"elementor-widget-container\">\n\t\t\t\t\t\t\t\t\t<h2 class=\"title_date\">2014<\/h2>\nNace el progenitor de todos los productos Magic, el <strong>Magic Packaging System\u00ae.<\/strong> Ese mismo a\u00f1o, todos los productos de la l\u00ednea Magic-Corner son certificados como productos reciclables \u00abClase A\u00bb. Gracias al laboratorio interno, I+D crea nuevos modelos de productos, tanto cantoneras como flejes, dise\u00f1ados y personalizados para las necesidades de los distintos sectores.\t\t\t\t\t\t\t\t<\/div>\n\t\t\t\t<\/div>\n\t\t\t\t<div class=\"elementor-element elementor-element-4ab6b6a elementor-widget elementor-widget-text-editor\" data-id=\"4ab6b6a\" data-element_type=\"widget\" data-widget_type=\"text-editor.default\">\n\t\t\t\t<div class=\"elementor-widget-container\">\n\t\t\t\t\t\t\t\t\t<h2 class=\"title_date\">2015<\/h2>\nSe lanzan al mercado los modelos TOP, tanto de cantoneras como de flejes, que representan por el momento el m\u00e1ximo nivel de calidad de la gama Graziani Packaging.\t\t\t\t\t\t\t\t<\/div>\n\t\t\t\t<\/div>\n\t\t\t\t<div class=\"elementor-element elementor-element-55a7dbd elementor-widget elementor-widget-text-editor\" data-id=\"55a7dbd\" data-element_type=\"widget\" data-widget_type=\"text-editor.default\">\n\t\t\t\t<div class=\"elementor-widget-container\">\n\t\t\t\t\t\t\t\t\t<h2 class=\"title_date\">2017<\/h2>\nSe pone en marcha la quinta l\u00ednea de producci\u00f3n de cantoneras y se celebran los primeros 20 a\u00f1os de la marca Magic-Corner\u00ae: la marca alcanza nuevos r\u00e9cords de producci\u00f3n, acercando cada vez m\u00e1s a la empresa al objetivo hist\u00f3rico de 100.000.000 de metros lineales al a\u00f1o. Con los 80 millones alcanzados en 2016, se paletizaron unos 10 millones de pal\u00e9s de mercanc\u00edas, considerando 8 metros por pal\u00e9. Que, a un valor medio de 1000. significa 10 000 millones en mercanc\u00edas transportadas, de una parte a otra del mundo, con Magic-Corners\u00ae.\nLos 160 millones de metros lineales de fleje, a una media de 16 metros por pal\u00e9, corresponden tambi\u00e9n a 10 millones de pal\u00e9s de mercanc\u00edas transportadas: grandes logros para dos productos altamente estrat\u00e9gicos.\t\t\t\t\t\t\t\t<\/div>\n\t\t\t\t<\/div>\n\t\t\t\t<div class=\"elementor-element elementor-element-b4971c3 elementor-widget elementor-widget-text-editor\" data-id=\"b4971c3\" data-element_type=\"widget\" data-widget_type=\"text-editor.default\">\n\t\t\t\t<div class=\"elementor-widget-container\">\n\t\t\t\t\t\t\t\t\t<h2 class=\"title_date\">2018<\/h2>\nEn junio se incorpor\u00f3 a la empresa el primer miembro de la tercera generaci\u00f3n, la Dra. Alessandra Graziani, hija de Roberto.\nA finales de a\u00f1o, el menor de los tres hermanos, Stefano Graziani, abandon\u00f3 la empresa.\t\t\t\t\t\t\t\t<\/div>\n\t\t\t\t<\/div>\n\t\t\t\t<div class=\"elementor-element elementor-element-1a655a0 elementor-widget elementor-widget-text-editor\" data-id=\"1a655a0\" data-element_type=\"widget\" data-widget_type=\"text-editor.default\">\n\t\t\t\t<div class=\"elementor-widget-container\">\n\t\t\t\t\t\t\t\t\t<h2 class=\"title_date\">2020<\/h2>\nDos nuevos miembros de la tercera generaci\u00f3n se incorporan a la empresa, respectivamente el Sr. Andrea Graziani, hijo de Maurizio, y la Sra. Michela Graziani, hija de Roberto.\t\t\t\t\t\t\t\t<\/div>\n\t\t\t\t<\/div>\n\t\t\t\t<div class=\"elementor-element elementor-element-9cfaa50 elementor-widget elementor-widget-text-editor\" data-id=\"9cfaa50\" data-element_type=\"widget\" data-widget_type=\"text-editor.default\">\n\t\t\t\t<div class=\"elementor-widget-container\">\n\t\t\t\t\t\t\t\t\t<h2 class=\"title_date\">2023<\/h2>\nComo resultado y objetivo del camino de estructuraci\u00f3n de la empresa, en 2023 la empresa se convertir\u00e1 en <i><b>Graziani Packaging Srl<\/b><\/i>.\t\t\t\t\t\t\t\t<\/div>\n\t\t\t\t<\/div>\n\t\t\t\t\t<\/div>\n\t\t<\/div>\n\t\t\t\t\t<\/div>\n\t\t<\/section>\n\t\t\t\t\t<\/div>\n\t\t<\/div>\n\t\t\t\t\t<\/div>\n\t\t<\/section>\n\t\t\t\t<\/div>\n\t\t","protected":false},"excerpt":{"rendered":"<p>Una trayectoria de m\u00e1s de sesenta a\u00f1os 1962 Guido Enrico Graziani, fundador de Graziani Packaging, abre una tienda de 150 metros cuadrados dedicada a la venta de art\u00edculos de embalaje frente al mercado de hortofrut\u00edcola de Cesena. 1980 El hijo mayor, Roberto Graziani, decide seguir los pasos de su padre y dedicarse al crecimiento de&hellip; <a class=\"more-link\" href=\"https:\/\/www.graziani.com\/es\/empresa\/historia-extra-eu\/\">Seguir leyendo <span class=\"screen-reader-text\">Historia<\/span><\/a><\/p>\n","protected":false},"author":9,"featured_media":0,"parent":6439,"menu_order":20,"comment_status":"closed","ping_status":"closed","template":"elementor_header_footer","meta":{"_acf_changed":false,"footnotes":""},"class_list":["post-7165","page","type-page","status-publish","hentry","entry"],"acf":[],"yoast_head":"<!-- This site is optimized with the Yoast SEO plugin v26.8 - https:\/\/yoast.com\/product\/yoast-seo-wordpress\/ -->\n<title>Historia - Graziani Packaging<\/title>\n<meta name=\"robots\" content=\"index, follow, max-snippet:-1, max-image-preview:large, max-video-preview:-1\" \/>\n<link rel=\"canonical\" href=\"https:\/\/www.graziani.com\/es\/empresa\/historia-extra-eu\/\" \/>\n<meta property=\"og:locale\" content=\"es_ES\" \/>\n<meta property=\"og:type\" content=\"article\" \/>\n<meta property=\"og:title\" content=\"Historia - Graziani Packaging\" \/>\n<meta property=\"og:description\" content=\"Una trayectoria de m\u00e1s de sesenta a\u00f1os 1962 Guido Enrico Graziani, fundador de Graziani Packaging, abre una tienda de 150 metros cuadrados dedicada a la venta de art\u00edculos de embalaje frente al mercado de hortofrut\u00edcola de Cesena. 1980 El hijo mayor, Roberto Graziani, decide seguir los pasos de su padre y dedicarse al crecimiento de&hellip; Seguir leyendo Historia\" \/>\n<meta property=\"og:url\" content=\"https:\/\/www.graziani.com\/es\/empresa\/historia-extra-eu\/\" \/>\n<meta property=\"og:site_name\" content=\"Graziani Packaging\" \/>\n<meta property=\"article:modified_time\" content=\"2023-11-10T09:19:00+00:00\" \/>\n<meta name=\"twitter:card\" content=\"summary_large_image\" \/>\n<meta name=\"twitter:label1\" content=\"Tiempo de lectura\" \/>\n\t<meta name=\"twitter:data1\" content=\"4 minutos\" \/>\n<script type=\"application\/ld+json\" class=\"yoast-schema-graph\">{\"@context\":\"https:\/\/schema.org\",\"@graph\":[{\"@type\":\"WebPage\",\"@id\":\"https:\/\/www.graziani.com\/es\/empresa\/historia-extra-eu\/\",\"url\":\"https:\/\/www.graziani.com\/es\/empresa\/historia-extra-eu\/\",\"name\":\"Historia - Graziani Packaging\",\"isPartOf\":{\"@id\":\"https:\/\/www.graziani.com\/es\/#website\"},\"datePublished\":\"2023-11-09T08:59:15+00:00\",\"dateModified\":\"2023-11-10T09:19:00+00:00\",\"breadcrumb\":{\"@id\":\"https:\/\/www.graziani.com\/es\/empresa\/historia-extra-eu\/#breadcrumb\"},\"inLanguage\":\"es\",\"potentialAction\":[{\"@type\":\"ReadAction\",\"target\":[\"https:\/\/www.graziani.com\/es\/empresa\/historia-extra-eu\/\"]}]},{\"@type\":\"BreadcrumbList\",\"@id\":\"https:\/\/www.graziani.com\/es\/empresa\/historia-extra-eu\/#breadcrumb\",\"itemListElement\":[{\"@type\":\"ListItem\",\"position\":1,\"name\":\"Home\",\"item\":\"https:\/\/www.graziani.com\/es\/\"},{\"@type\":\"ListItem\",\"position\":2,\"name\":\"Empresa\",\"item\":\"https:\/\/www.graziani.com\/es\/empresa\/\"},{\"@type\":\"ListItem\",\"position\":3,\"name\":\"Historia\"}]},{\"@type\":\"WebSite\",\"@id\":\"https:\/\/www.graziani.com\/es\/#website\",\"url\":\"https:\/\/www.graziani.com\/es\/\",\"name\":\"Graziani Packaging\",\"description\":\"\",\"publisher\":{\"@id\":\"https:\/\/www.graziani.com\/es\/#organization\"},\"potentialAction\":[{\"@type\":\"SearchAction\",\"target\":{\"@type\":\"EntryPoint\",\"urlTemplate\":\"https:\/\/www.graziani.com\/es\/?s={search_term_string}\"},\"query-input\":{\"@type\":\"PropertyValueSpecification\",\"valueRequired\":true,\"valueName\":\"search_term_string\"}}],\"inLanguage\":\"es\"},{\"@type\":\"Organization\",\"@id\":\"https:\/\/www.graziani.com\/es\/#organization\",\"name\":\"Graziani Packaging\",\"url\":\"https:\/\/www.graziani.com\/es\/\",\"logo\":{\"@type\":\"ImageObject\",\"inLanguage\":\"es\",\"@id\":\"https:\/\/www.graziani.com\/es\/#\/schema\/logo\/image\/\",\"url\":\"http:\/\/www.graziani.com\/wp-content\/uploads\/2023\/05\/cropped-cropped-Senza-titolo-1.png\",\"contentUrl\":\"http:\/\/www.graziani.com\/wp-content\/uploads\/2023\/05\/cropped-cropped-Senza-titolo-1.png\",\"width\":144,\"height\":144,\"caption\":\"Graziani Packaging\"},\"image\":{\"@id\":\"https:\/\/www.graziani.com\/es\/#\/schema\/logo\/image\/\"}}]}<\/script>\n<!-- \/ Yoast SEO plugin. -->","yoast_head_json":{"title":"Historia - Graziani Packaging","robots":{"index":"index","follow":"follow","max-snippet":"max-snippet:-1","max-image-preview":"max-image-preview:large","max-video-preview":"max-video-preview:-1"},"canonical":"https:\/\/www.graziani.com\/es\/empresa\/historia-extra-eu\/","og_locale":"es_ES","og_type":"article","og_title":"Historia - Graziani Packaging","og_description":"Una trayectoria de m\u00e1s de sesenta a\u00f1os 1962 Guido Enrico Graziani, fundador de Graziani Packaging, abre una tienda de 150 metros cuadrados dedicada a la venta de art\u00edculos de embalaje frente al mercado de hortofrut\u00edcola de Cesena. 1980 El hijo mayor, Roberto Graziani, decide seguir los pasos de su padre y dedicarse al crecimiento de&hellip; Seguir leyendo Historia","og_url":"https:\/\/www.graziani.com\/es\/empresa\/historia-extra-eu\/","og_site_name":"Graziani Packaging","article_modified_time":"2023-11-10T09:19:00+00:00","twitter_card":"summary_large_image","twitter_misc":{"Tiempo de lectura":"4 minutos"},"schema":{"@context":"https:\/\/schema.org","@graph":[{"@type":"WebPage","@id":"https:\/\/www.graziani.com\/es\/empresa\/historia-extra-eu\/","url":"https:\/\/www.graziani.com\/es\/empresa\/historia-extra-eu\/","name":"Historia - Graziani Packaging","isPartOf":{"@id":"https:\/\/www.graziani.com\/es\/#website"},"datePublished":"2023-11-09T08:59:15+00:00","dateModified":"2023-11-10T09:19:00+00:00","breadcrumb":{"@id":"https:\/\/www.graziani.com\/es\/empresa\/historia-extra-eu\/#breadcrumb"},"inLanguage":"es","potentialAction":[{"@type":"ReadAction","target":["https:\/\/www.graziani.com\/es\/empresa\/historia-extra-eu\/"]}]},{"@type":"BreadcrumbList","@id":"https:\/\/www.graziani.com\/es\/empresa\/historia-extra-eu\/#breadcrumb","itemListElement":[{"@type":"ListItem","position":1,"name":"Home","item":"https:\/\/www.graziani.com\/es\/"},{"@type":"ListItem","position":2,"name":"Empresa","item":"https:\/\/www.graziani.com\/es\/empresa\/"},{"@type":"ListItem","position":3,"name":"Historia"}]},{"@type":"WebSite","@id":"https:\/\/www.graziani.com\/es\/#website","url":"https:\/\/www.graziani.com\/es\/","name":"Graziani Packaging","description":"","publisher":{"@id":"https:\/\/www.graziani.com\/es\/#organization"},"potentialAction":[{"@type":"SearchAction","target":{"@type":"EntryPoint","urlTemplate":"https:\/\/www.graziani.com\/es\/?s={search_term_string}"},"query-input":{"@type":"PropertyValueSpecification","valueRequired":true,"valueName":"search_term_string"}}],"inLanguage":"es"},{"@type":"Organization","@id":"https:\/\/www.graziani.com\/es\/#organization","name":"Graziani Packaging","url":"https:\/\/www.graziani.com\/es\/","logo":{"@type":"ImageObject","inLanguage":"es","@id":"https:\/\/www.graziani.com\/es\/#\/schema\/logo\/image\/","url":"http:\/\/www.graziani.com\/wp-content\/uploads\/2023\/05\/cropped-cropped-Senza-titolo-1.png","contentUrl":"http:\/\/www.graziani.com\/wp-content\/uploads\/2023\/05\/cropped-cropped-Senza-titolo-1.png","width":144,"height":144,"caption":"Graziani Packaging"},"image":{"@id":"https:\/\/www.graziani.com\/es\/#\/schema\/logo\/image\/"}}]}},"_links":{"self":[{"href":"https:\/\/www.graziani.com\/es\/wp-json\/wp\/v2\/pages\/7165","targetHints":{"allow":["GET"]}}],"collection":[{"href":"https:\/\/www.graziani.com\/es\/wp-json\/wp\/v2\/pages"}],"about":[{"href":"https:\/\/www.graziani.com\/es\/wp-json\/wp\/v2\/types\/page"}],"author":[{"embeddable":true,"href":"https:\/\/www.graziani.com\/es\/wp-json\/wp\/v2\/users\/9"}],"replies":[{"embeddable":true,"href":"https:\/\/www.graziani.com\/es\/wp-json\/wp\/v2\/comments?post=7165"}],"version-history":[{"count":0,"href":"https:\/\/www.graziani.com\/es\/wp-json\/wp\/v2\/pages\/7165\/revisions"}],"up":[{"embeddable":true,"href":"https:\/\/www.graziani.com\/es\/wp-json\/wp\/v2\/pages\/6439"}],"wp:attachment":[{"href":"https:\/\/www.graziani.com\/es\/wp-json\/wp\/v2\/media?parent=7165"}],"curies":[{"name":"wp","href":"https:\/\/api.w.org\/{rel}","templated":true}]}}