{"id":6806,"date":"2023-08-02T08:37:13","date_gmt":"2023-08-02T08:37:13","guid":{"rendered":"http:\/\/www.graziani.com\/productos\/magic-packaging-system-extra-eu\/"},"modified":"2023-11-09T09:40:22","modified_gmt":"2023-11-09T09:40:22","slug":"magic-packaging-system-extra-eu","status":"publish","type":"page","link":"https:\/\/www.graziani.com\/es\/productos\/magic-packaging-system-extra-eu\/","title":{"rendered":"Magic Packaging System &#8211; Extra EU"},"content":{"rendered":"\t\t<div data-elementor-type=\"wp-page\" data-elementor-id=\"6806\" class=\"elementor elementor-6806 elementor-6760\" data-elementor-post-type=\"page\">\n\t\t\t\t\t\t<section class=\"elementor-section elementor-top-section elementor-element elementor-element-85a1107 elementor-section-height-min-height elementor-section-items-stretch elementor-section-boxed elementor-section-height-default\" data-id=\"85a1107\" data-element_type=\"section\" data-settings=\"{&quot;background_background&quot;:&quot;classic&quot;}\">\n\t\t\t\t\t\t\t<div class=\"elementor-background-overlay\"><\/div>\n\t\t\t\t\t\t\t<div class=\"elementor-container elementor-column-gap-default\">\n\t\t\t\t\t<div class=\"elementor-column elementor-col-100 elementor-top-column elementor-element elementor-element-30fdafc elementor-invisible\" data-id=\"30fdafc\" data-element_type=\"column\" data-settings=\"{&quot;animation&quot;:&quot;fadeIn&quot;}\">\n\t\t\t<div class=\"elementor-widget-wrap elementor-element-populated\">\n\t\t\t\t\t\t<div class=\"elementor-element elementor-element-848e516 elementor-widget elementor-widget-image\" data-id=\"848e516\" data-element_type=\"widget\" data-widget_type=\"image.default\">\n\t\t\t\t<div class=\"elementor-widget-container\">\n\t\t\t\t\t\t\t\t\t\t\t\t\t\t\t<img decoding=\"async\" width=\"1\" height=\"1\" src=\"https:\/\/www.graziani.com\/wp-content\/uploads\/2023\/10\/Magic_Graziani_2023_perWEB-01.svg\" class=\"attachment-large size-large wp-image-6876\" alt=\"\" \/>\t\t\t\t\t\t\t\t\t\t\t\t\t\t\t<\/div>\n\t\t\t\t<\/div>\n\t\t\t\t\t<\/div>\n\t\t<\/div>\n\t\t\t\t\t<\/div>\n\t\t<\/section>\n\t\t\t\t<section class=\"elementor-section elementor-top-section elementor-element elementor-element-f45f64b elementor-section-boxed elementor-section-height-default elementor-section-height-default\" data-id=\"f45f64b\" data-element_type=\"section\" data-settings=\"{&quot;background_background&quot;:&quot;classic&quot;}\">\n\t\t\t\t\t\t<div class=\"elementor-container elementor-column-gap-default\">\n\t\t\t\t\t<div class=\"elementor-column elementor-col-50 elementor-top-column elementor-element elementor-element-ba8dac8\" data-id=\"ba8dac8\" data-element_type=\"column\">\n\t\t\t<div class=\"elementor-widget-wrap elementor-element-populated\">\n\t\t\t\t\t\t<div class=\"elementor-element elementor-element-726b213 elementor-widget elementor-widget-heading\" data-id=\"726b213\" data-element_type=\"widget\" data-widget_type=\"heading.default\">\n\t\t\t\t<div class=\"elementor-widget-container\">\n\t\t\t\t\t<h2 class=\"elementor-heading-title elementor-size-default\">Nuestro Magic Packaging System\u00ae\n<\/h2>\t\t\t\t<\/div>\n\t\t\t\t<\/div>\n\t\t\t\t\t<\/div>\n\t\t<\/div>\n\t\t\t\t<div class=\"elementor-column elementor-col-50 elementor-top-column elementor-element elementor-element-2959b5c\" data-id=\"2959b5c\" data-element_type=\"column\">\n\t\t\t<div class=\"elementor-widget-wrap elementor-element-populated\">\n\t\t\t\t\t\t<div class=\"elementor-element elementor-element-84bc49b main_paragraph elementor-widget elementor-widget-text-editor\" data-id=\"84bc49b\" data-element_type=\"widget\" data-widget_type=\"text-editor.default\">\n\t\t\t\t<div class=\"elementor-widget-container\">\n\t\t\t\t\t\t\t\t\t<p>Magic Packaging System\u00ae, nuestra gama de marca registrada, es sin\u00f3nimo internacional de garant\u00eda y calidad: nuestras esquineros <strong>Magic Corner\u00ae<\/strong> y nuestros zunchos <strong>Magic Strap\u00ae<\/strong> acompa\u00f1an desde hace a\u00f1os a grandes empresas internacionales que exportan fruta y productos de alto valor.<\/p>\n<\/p>\n<p>Sea cual sea el sector en el que opere la empresa, somos un socio internacional de confianza con experiencia t\u00e9cnica demostrada en paletizaci\u00f3n y transporte de mercanc\u00edas.<\/p>\n\t\t\t\t\t\t\t\t<\/div>\n\t\t\t\t<\/div>\n\t\t\t\t\t<\/div>\n\t\t<\/div>\n\t\t\t\t\t<\/div>\n\t\t<\/section>\n\t\t\t\t<section class=\"elementor-section elementor-top-section elementor-element elementor-element-baa7158 elementor-section-boxed elementor-section-height-default elementor-section-height-default\" data-id=\"baa7158\" data-element_type=\"section\">\n\t\t\t\t\t\t<div class=\"elementor-container elementor-column-gap-default\">\n\t\t\t\t\t<div class=\"elementor-column elementor-col-100 elementor-top-column elementor-element elementor-element-3bffaa7\" data-id=\"3bffaa7\" data-element_type=\"column\">\n\t\t\t<div class=\"elementor-widget-wrap elementor-element-populated\">\n\t\t\t\t\t\t<div class=\"elementor-element elementor-element-74390f9 elementor-absolute elementor-hidden-tablet elementor-hidden-mobile elementor-widget elementor-widget-html\" data-id=\"74390f9\" data-element_type=\"widget\" data-settings=\"{&quot;_position&quot;:&quot;absolute&quot;}\" data-widget_type=\"html.default\">\n\t\t\t\t<div class=\"elementor-widget-container\">\n\t\t\t\t\t<div class=\"mousey\">\n    <div class=\"scroller\"><\/div>\n <\/div>\t\t\t\t<\/div>\n\t\t\t\t<\/div>\n\t\t\t\t\t<\/div>\n\t\t<\/div>\n\t\t\t\t\t<\/div>\n\t\t<\/section>\n\t\t\t\t<section class=\"elementor-section elementor-top-section elementor-element elementor-element-7d2c504 elementor-section-height-min-height elementor-section-items-stretch elementor-section-boxed elementor-section-height-default elementor-invisible\" data-id=\"7d2c504\" data-element_type=\"section\" data-settings=\"{&quot;background_background&quot;:&quot;classic&quot;,&quot;animation&quot;:&quot;fadeIn&quot;}\">\n\t\t\t\t\t\t\t<div class=\"elementor-background-overlay\"><\/div>\n\t\t\t\t\t\t\t<div class=\"elementor-container elementor-column-gap-default\">\n\t\t\t\t\t<div class=\"elementor-column elementor-col-50 elementor-top-column elementor-element elementor-element-db929bc\" data-id=\"db929bc\" data-element_type=\"column\">\n\t\t\t<div class=\"elementor-widget-wrap elementor-element-populated\">\n\t\t\t\t\t\t<div class=\"elementor-element elementor-element-db83a61 elementor-widget elementor-widget-image\" data-id=\"db83a61\" data-element_type=\"widget\" data-widget_type=\"image.default\">\n\t\t\t\t<div class=\"elementor-widget-container\">\n\t\t\t\t\t\t\t\t\t\t\t\t\t\t\t<img decoding=\"async\" src=\"https:\/\/www.graziani.com\/wp-content\/uploads\/2023\/10\/corner-1.svg\" class=\"attachment-full size-full wp-image-6872\" alt=\"\" \/>\t\t\t\t\t\t\t\t\t\t\t\t\t\t\t<\/div>\n\t\t\t\t<\/div>\n\t\t\t\t<div class=\"elementor-element elementor-element-f951dff main_paragraph elementor-hidden-mobile elementor-widget elementor-widget-text-editor\" data-id=\"f951dff\" data-element_type=\"widget\" data-widget_type=\"text-editor.default\">\n\t\t\t\t<div class=\"elementor-widget-container\">\n\t\t\t\t\t\t\t\t\t<p class=\"p1\"><span class=\"s1\">La l\u00ednea Magic Corner\u00ae incluye diferentes tipos de esquineros, <\/span>personalizables en t\u00e9rminos de <b>resistencia, fiabilidad y dureza de los materiales<\/b>.<\/p>\n\t\t\t\t\t\t\t\t<\/div>\n\t\t\t\t<\/div>\n\t\t\t\t<div class=\"elementor-element elementor-element-666766b elementor-widget__width-auto animated-slow premium-lq__none elementor-widget elementor-widget-premium-addon-button\" data-id=\"666766b\" data-element_type=\"widget\" data-settings=\"{&quot;_animation&quot;:&quot;none&quot;,&quot;_animation_delay&quot;:200}\" data-widget_type=\"premium-addon-button.default\">\n\t\t\t\t<div class=\"elementor-widget-container\">\n\t\t\t\t\t\r\n\r\n\t\t<a class=\"premium-button premium-button-style1 premium-btn-lg premium-button-style1-left\" href=\"https:\/\/www.graziani.com\/prodotti\/magic-packaging-system\/magic-corner\/\">\r\n\t\t\t<div class=\"premium-button-text-icon-wrapper\">\r\n\t\t\t\t\r\n\t\t\t\t\t\t\t\t\t<span >\r\n\t\t\t\t\t\tDescubre Magic-Corner\u00ae\t\t\t\t\t<\/span>\r\n\t\t\t\t\t\t\t<\/div>\r\n\r\n\t\t\t\r\n\t\t\t\r\n\t\t\t\r\n\t\t<\/a>\r\n\r\n\r\n\t\t\t\t\t\t<\/div>\n\t\t\t\t<\/div>\n\t\t\t\t\t<\/div>\n\t\t<\/div>\n\t\t\t\t<div class=\"elementor-column elementor-col-50 elementor-top-column elementor-element elementor-element-06b7fa1 elementor-hidden-mobile\" data-id=\"06b7fa1\" data-element_type=\"column\">\n\t\t\t<div class=\"elementor-widget-wrap\">\n\t\t\t\t\t\t\t<\/div>\n\t\t<\/div>\n\t\t\t\t\t<\/div>\n\t\t<\/section>\n\t\t\t\t<section class=\"elementor-section elementor-top-section elementor-element elementor-element-fa3d944 elementor-section-height-min-height elementor-section-boxed elementor-section-height-default elementor-section-items-middle\" data-id=\"fa3d944\" data-element_type=\"section\" data-settings=\"{&quot;background_background&quot;:&quot;classic&quot;}\">\n\t\t\t\t\t\t<div class=\"elementor-container elementor-column-gap-default\">\n\t\t\t\t\t<div class=\"elementor-column elementor-col-50 elementor-top-column elementor-element elementor-element-1a415211\" data-id=\"1a415211\" data-element_type=\"column\">\n\t\t\t<div class=\"elementor-widget-wrap elementor-element-populated\">\n\t\t\t\t\t\t<div class=\"elementor-element elementor-element-76510737 magic-pack-logo elementor-widget elementor-widget-image\" data-id=\"76510737\" data-element_type=\"widget\" data-widget_type=\"image.default\">\n\t\t\t\t<div class=\"elementor-widget-container\">\n\t\t\t\t\t\t\t\t\t\t\t\t\t\t\t<img decoding=\"async\" src=\"https:\/\/www.graziani.com\/wp-content\/uploads\/2023\/10\/strap.svg\" class=\"attachment-full size-full wp-image-6868\" alt=\"\" \/>\t\t\t\t\t\t\t\t\t\t\t\t\t\t\t<\/div>\n\t\t\t\t<\/div>\n\t\t\t\t<div class=\"elementor-element elementor-element-3bd98a6f main_paragraph elementor-widget elementor-widget-text-editor\" data-id=\"3bd98a6f\" data-element_type=\"widget\" data-widget_type=\"text-editor.default\">\n\t\t\t\t<div class=\"elementor-widget-container\">\n\t\t\t\t\t\t\t\t\t<p class=\"p1\"><span class=\"s1\">El <b>zunchos<\/b><\/span> de alta calidad con gran <b>flexibilidad<\/b> y <b>maquinabilidad <\/b><span class=\"s1\">.<\/span><\/p>\n\t\t\t\t\t\t\t\t<\/div>\n\t\t\t\t<\/div>\n\t\t\t\t<div class=\"elementor-element elementor-element-188a8d14 elementor-widget__width-auto animated-slow premium-lq__none elementor-widget elementor-widget-premium-addon-button\" data-id=\"188a8d14\" data-element_type=\"widget\" data-settings=\"{&quot;_animation&quot;:&quot;none&quot;,&quot;_animation_delay&quot;:200}\" data-widget_type=\"premium-addon-button.default\">\n\t\t\t\t<div class=\"elementor-widget-container\">\n\t\t\t\t\t\r\n\r\n\t\t<a class=\"premium-button premium-button-style1 premium-btn-lg premium-button-style1-left\" href=\"https:\/\/www.graziani.com\/prodotti\/magic-packaging-system\/magic-strap\/\">\r\n\t\t\t<div class=\"premium-button-text-icon-wrapper\">\r\n\t\t\t\t\r\n\t\t\t\t\t\t\t\t\t<span >\r\n\t\t\t\t\t\tDescubre Magic-Strap\u00ae\t\t\t\t\t<\/span>\r\n\t\t\t\t\t\t\t<\/div>\r\n\r\n\t\t\t\r\n\t\t\t\r\n\t\t\t\r\n\t\t<\/a>\r\n\r\n\r\n\t\t\t\t\t\t<\/div>\n\t\t\t\t<\/div>\n\t\t\t\t\t<\/div>\n\t\t<\/div>\n\t\t\t\t<div class=\"elementor-column elementor-col-50 elementor-top-column elementor-element elementor-element-51e39d01\" data-id=\"51e39d01\" data-element_type=\"column\">\n\t\t\t<div class=\"elementor-widget-wrap\">\n\t\t\t\t\t\t\t<\/div>\n\t\t<\/div>\n\t\t\t\t\t<\/div>\n\t\t<\/section>\n\t\t\t\t<section class=\"elementor-section elementor-top-section elementor-element elementor-element-5b86399 elementor-section-full_width elementor-section-items-stretch elementor-section-content-top elementor-reverse-mobile elementor-section-height-min-height elementor-section-height-default\" data-id=\"5b86399\" data-element_type=\"section\" data-settings=\"{&quot;background_background&quot;:&quot;classic&quot;}\">\n\t\t\t\t\t\t<div class=\"elementor-container elementor-column-gap-default\">\n\t\t\t\t\t<div class=\"elementor-column elementor-col-50 elementor-top-column elementor-element elementor-element-51efdc60\" data-id=\"51efdc60\" data-element_type=\"column\">\n\t\t\t<div class=\"elementor-widget-wrap elementor-element-populated\">\n\t\t\t\t\t\t<div class=\"elementor-element elementor-element-543799cc main_sec_title elementor-widget elementor-widget-heading\" data-id=\"543799cc\" data-element_type=\"widget\" data-widget_type=\"heading.default\">\n\t\t\t\t<div class=\"elementor-widget-container\">\n\t\t\t\t\t<h2 class=\"elementor-heading-title elementor-size-default\">8 consejos para una paletizaci\u00f3n impecable \n<\/h2>\t\t\t\t<\/div>\n\t\t\t\t<\/div>\n\t\t\t\t<div class=\"elementor-element elementor-element-2c02b3fe main_paragraph elementor-widget elementor-widget-text-editor\" data-id=\"2c02b3fe\" data-element_type=\"widget\" data-widget_type=\"text-editor.default\">\n\t\t\t\t<div class=\"elementor-widget-container\">\n\t\t\t\t\t\t\t\t\t<ul class=\"numbered-list\">\n \t<li>Siempre aplicar todos los 4 esquineros, pilares del palet.\n<\/li>\n \t<li> Monte las correas a la misma distancia unas de otras. <\/li>\n \t<li>Utilizar cajas de cart\u00f3n de buena calidad, para que el palet no colapse debido a su debilidad.<\/li>\n \t<li>Apile las cajas, manteni\u00e9ndolas alineadas con el perfil del palet en la base, para evitar la deformaci\u00f3n de las esquinas. Elimine los huecos entre paquetes para evitar que se desplacen durante el transporte.<\/li>\n \t<li>Instale las esquinas a una distancia de 2&#8243;(5 cm) del suelo para evitar que toquen superficies h\u00famedas y se mojen.<\/li>\n\n<li>Aplique la primera l\u00ednea de zuncho a una distancia de 8-12&#8243;(20-30 cm ) del suelo para distanciarla de la base de la primera caja, que es el punto m\u00e1s d\u00e9bil de todo el pal\u00e9. \n<\/li>\n\n<li>Los zunchos y las l\u00edneas de flejado deben montarse lejos del punto de encuentro entre dos cajas, porque es otra parte muy d\u00e9bil a lo largo del perfil del palet.<\/li>\n\n<li> Aplique suficiente presi\u00f3n a las correas para marcar ligeramente las piezas de las esquinas, pero sin excederse y arriesgarse a debilitarlas.\n<\/li>\n<\/ul>\t\t\t\t\t\t\t\t<\/div>\n\t\t\t\t<\/div>\n\t\t\t\t\t<\/div>\n\t\t<\/div>\n\t\t\t\t<div class=\"elementor-column elementor-col-50 elementor-top-column elementor-element elementor-element-67ffb7c\" data-id=\"67ffb7c\" data-element_type=\"column\" data-settings=\"{&quot;background_background&quot;:&quot;classic&quot;}\">\n\t\t\t<div class=\"elementor-widget-wrap elementor-element-populated\">\n\t\t\t\t\t\t<div class=\"elementor-element elementor-element-2cba4d5d elementor-hidden-desktop elementor-hidden-laptop elementor-hidden-tablet elementor-widget elementor-widget-image\" data-id=\"2cba4d5d\" data-element_type=\"widget\" data-widget_type=\"image.default\">\n\t\t\t\t<div class=\"elementor-widget-container\">\n\t\t\t\t\t\t\t\t\t\t\t\t\t\t\t<img fetchpriority=\"high\" decoding=\"async\" width=\"960\" height=\"820\" src=\"https:\/\/www.graziani.com\/wp-content\/uploads\/2023\/08\/extra-eu.png\" class=\"attachment-full size-full wp-image-6769\" alt=\"\" srcset=\"https:\/\/www.graziani.com\/wp-content\/uploads\/2023\/08\/extra-eu.png 960w, https:\/\/www.graziani.com\/wp-content\/uploads\/2023\/08\/extra-eu-300x256.png 300w, https:\/\/www.graziani.com\/wp-content\/uploads\/2023\/08\/extra-eu-768x656.png 768w\" sizes=\"(max-width: 960px) 100vw, 960px\" style=\"width:100%;height:85.42%;max-width:960px\" \/>\t\t\t\t\t\t\t\t\t\t\t\t\t\t\t<\/div>\n\t\t\t\t<\/div>\n\t\t\t\t\t<\/div>\n\t\t<\/div>\n\t\t\t\t\t<\/div>\n\t\t<\/section>\n\t\t\t\t<\/div>\n\t\t","protected":false},"excerpt":{"rendered":"<p>Nuestro Magic Packaging System\u00ae Magic Packaging System\u00ae, nuestra gama de marca registrada, es sin\u00f3nimo internacional de garant\u00eda y calidad: nuestras esquineros Magic Corner\u00ae y nuestros zunchos Magic Strap\u00ae acompa\u00f1an desde hace a\u00f1os a grandes empresas internacionales que exportan fruta y productos de alto valor. Sea cual sea el sector en el que opere la empresa,&hellip; <a class=\"more-link\" href=\"https:\/\/www.graziani.com\/es\/productos\/magic-packaging-system-extra-eu\/\">Seguir leyendo <span class=\"screen-reader-text\">Magic Packaging System &#8211; Extra EU<\/span><\/a><\/p>\n","protected":false},"author":9,"featured_media":0,"parent":6445,"menu_order":10,"comment_status":"closed","ping_status":"closed","template":"elementor_header_footer","meta":{"_acf_changed":false,"footnotes":""},"class_list":["post-6806","page","type-page","status-publish","hentry","entry"],"acf":[],"yoast_head":"<!-- This site is optimized with the Yoast SEO plugin v26.8 - https:\/\/yoast.com\/product\/yoast-seo-wordpress\/ -->\n<title>Magic Packaging System - Extra EU - Graziani Packaging<\/title>\n<meta name=\"robots\" content=\"index, follow, max-snippet:-1, max-image-preview:large, max-video-preview:-1\" \/>\n<link rel=\"canonical\" href=\"https:\/\/www.graziani.com\/es\/productos\/magic-packaging-system-extra-eu\/\" \/>\n<meta property=\"og:locale\" content=\"es_ES\" \/>\n<meta property=\"og:type\" content=\"article\" \/>\n<meta property=\"og:title\" content=\"Magic Packaging System - Extra EU - Graziani Packaging\" \/>\n<meta property=\"og:description\" content=\"Nuestro Magic Packaging System\u00ae Magic Packaging System\u00ae, nuestra gama de marca registrada, es sin\u00f3nimo internacional de garant\u00eda y calidad: nuestras esquineros Magic Corner\u00ae y nuestros zunchos Magic Strap\u00ae acompa\u00f1an desde hace a\u00f1os a grandes empresas internacionales que exportan fruta y productos de alto valor. Sea cual sea el sector en el que opere la empresa,&hellip; Seguir leyendo Magic Packaging System &#8211; Extra EU\" \/>\n<meta property=\"og:url\" content=\"https:\/\/www.graziani.com\/es\/productos\/magic-packaging-system-extra-eu\/\" \/>\n<meta property=\"og:site_name\" content=\"Graziani Packaging\" \/>\n<meta property=\"article:modified_time\" content=\"2023-11-09T09:40:22+00:00\" \/>\n<meta property=\"og:image\" content=\"http:\/\/www.graziani.com\/wp-content\/uploads\/2023\/10\/Magic_Graziani_2023_perWEB-01.svg\" \/>\n<meta name=\"twitter:card\" content=\"summary_large_image\" \/>\n<meta name=\"twitter:label1\" content=\"Tiempo de lectura\" \/>\n\t<meta name=\"twitter:data1\" content=\"3 minutos\" \/>\n<script type=\"application\/ld+json\" class=\"yoast-schema-graph\">{\"@context\":\"https:\/\/schema.org\",\"@graph\":[{\"@type\":\"WebPage\",\"@id\":\"https:\/\/www.graziani.com\/es\/productos\/magic-packaging-system-extra-eu\/\",\"url\":\"https:\/\/www.graziani.com\/es\/productos\/magic-packaging-system-extra-eu\/\",\"name\":\"Magic Packaging System - Extra EU - Graziani Packaging\",\"isPartOf\":{\"@id\":\"https:\/\/www.graziani.com\/es\/#website\"},\"primaryImageOfPage\":{\"@id\":\"https:\/\/www.graziani.com\/es\/productos\/magic-packaging-system-extra-eu\/#primaryimage\"},\"image\":{\"@id\":\"https:\/\/www.graziani.com\/es\/productos\/magic-packaging-system-extra-eu\/#primaryimage\"},\"thumbnailUrl\":\"http:\/\/www.graziani.com\/wp-content\/uploads\/2023\/10\/Magic_Graziani_2023_perWEB-01.svg\",\"datePublished\":\"2023-08-02T08:37:13+00:00\",\"dateModified\":\"2023-11-09T09:40:22+00:00\",\"breadcrumb\":{\"@id\":\"https:\/\/www.graziani.com\/es\/productos\/magic-packaging-system-extra-eu\/#breadcrumb\"},\"inLanguage\":\"es\",\"potentialAction\":[{\"@type\":\"ReadAction\",\"target\":[\"https:\/\/www.graziani.com\/es\/productos\/magic-packaging-system-extra-eu\/\"]}]},{\"@type\":\"ImageObject\",\"inLanguage\":\"es\",\"@id\":\"https:\/\/www.graziani.com\/es\/productos\/magic-packaging-system-extra-eu\/#primaryimage\",\"url\":\"http:\/\/www.graziani.com\/wp-content\/uploads\/2023\/10\/Magic_Graziani_2023_perWEB-01.svg\",\"contentUrl\":\"http:\/\/www.graziani.com\/wp-content\/uploads\/2023\/10\/Magic_Graziani_2023_perWEB-01.svg\"},{\"@type\":\"BreadcrumbList\",\"@id\":\"https:\/\/www.graziani.com\/es\/productos\/magic-packaging-system-extra-eu\/#breadcrumb\",\"itemListElement\":[{\"@type\":\"ListItem\",\"position\":1,\"name\":\"Home\",\"item\":\"https:\/\/www.graziani.com\/es\/\"},{\"@type\":\"ListItem\",\"position\":2,\"name\":\"Productos\",\"item\":\"https:\/\/www.graziani.com\/es\/productos\/\"},{\"@type\":\"ListItem\",\"position\":3,\"name\":\"Magic Packaging System &#8211; Extra EU\"}]},{\"@type\":\"WebSite\",\"@id\":\"https:\/\/www.graziani.com\/es\/#website\",\"url\":\"https:\/\/www.graziani.com\/es\/\",\"name\":\"Graziani Packaging\",\"description\":\"\",\"publisher\":{\"@id\":\"https:\/\/www.graziani.com\/es\/#organization\"},\"potentialAction\":[{\"@type\":\"SearchAction\",\"target\":{\"@type\":\"EntryPoint\",\"urlTemplate\":\"https:\/\/www.graziani.com\/es\/?s={search_term_string}\"},\"query-input\":{\"@type\":\"PropertyValueSpecification\",\"valueRequired\":true,\"valueName\":\"search_term_string\"}}],\"inLanguage\":\"es\"},{\"@type\":\"Organization\",\"@id\":\"https:\/\/www.graziani.com\/es\/#organization\",\"name\":\"Graziani Packaging\",\"url\":\"https:\/\/www.graziani.com\/es\/\",\"logo\":{\"@type\":\"ImageObject\",\"inLanguage\":\"es\",\"@id\":\"https:\/\/www.graziani.com\/es\/#\/schema\/logo\/image\/\",\"url\":\"http:\/\/www.graziani.com\/wp-content\/uploads\/2023\/05\/cropped-cropped-Senza-titolo-1.png\",\"contentUrl\":\"http:\/\/www.graziani.com\/wp-content\/uploads\/2023\/05\/cropped-cropped-Senza-titolo-1.png\",\"width\":144,\"height\":144,\"caption\":\"Graziani Packaging\"},\"image\":{\"@id\":\"https:\/\/www.graziani.com\/es\/#\/schema\/logo\/image\/\"}}]}<\/script>\n<!-- \/ Yoast SEO plugin. -->","yoast_head_json":{"title":"Magic Packaging System - Extra EU - Graziani Packaging","robots":{"index":"index","follow":"follow","max-snippet":"max-snippet:-1","max-image-preview":"max-image-preview:large","max-video-preview":"max-video-preview:-1"},"canonical":"https:\/\/www.graziani.com\/es\/productos\/magic-packaging-system-extra-eu\/","og_locale":"es_ES","og_type":"article","og_title":"Magic Packaging System - Extra EU - Graziani Packaging","og_description":"Nuestro Magic Packaging System\u00ae Magic Packaging System\u00ae, nuestra gama de marca registrada, es sin\u00f3nimo internacional de garant\u00eda y calidad: nuestras esquineros Magic Corner\u00ae y nuestros zunchos Magic Strap\u00ae acompa\u00f1an desde hace a\u00f1os a grandes empresas internacionales que exportan fruta y productos de alto valor. Sea cual sea el sector en el que opere la empresa,&hellip; Seguir leyendo Magic Packaging System &#8211; Extra EU","og_url":"https:\/\/www.graziani.com\/es\/productos\/magic-packaging-system-extra-eu\/","og_site_name":"Graziani Packaging","article_modified_time":"2023-11-09T09:40:22+00:00","og_image":[{"url":"http:\/\/www.graziani.com\/wp-content\/uploads\/2023\/10\/Magic_Graziani_2023_perWEB-01.svg","type":"","width":"","height":""}],"twitter_card":"summary_large_image","twitter_misc":{"Tiempo de lectura":"3 minutos"},"schema":{"@context":"https:\/\/schema.org","@graph":[{"@type":"WebPage","@id":"https:\/\/www.graziani.com\/es\/productos\/magic-packaging-system-extra-eu\/","url":"https:\/\/www.graziani.com\/es\/productos\/magic-packaging-system-extra-eu\/","name":"Magic Packaging System - Extra EU - Graziani Packaging","isPartOf":{"@id":"https:\/\/www.graziani.com\/es\/#website"},"primaryImageOfPage":{"@id":"https:\/\/www.graziani.com\/es\/productos\/magic-packaging-system-extra-eu\/#primaryimage"},"image":{"@id":"https:\/\/www.graziani.com\/es\/productos\/magic-packaging-system-extra-eu\/#primaryimage"},"thumbnailUrl":"http:\/\/www.graziani.com\/wp-content\/uploads\/2023\/10\/Magic_Graziani_2023_perWEB-01.svg","datePublished":"2023-08-02T08:37:13+00:00","dateModified":"2023-11-09T09:40:22+00:00","breadcrumb":{"@id":"https:\/\/www.graziani.com\/es\/productos\/magic-packaging-system-extra-eu\/#breadcrumb"},"inLanguage":"es","potentialAction":[{"@type":"ReadAction","target":["https:\/\/www.graziani.com\/es\/productos\/magic-packaging-system-extra-eu\/"]}]},{"@type":"ImageObject","inLanguage":"es","@id":"https:\/\/www.graziani.com\/es\/productos\/magic-packaging-system-extra-eu\/#primaryimage","url":"http:\/\/www.graziani.com\/wp-content\/uploads\/2023\/10\/Magic_Graziani_2023_perWEB-01.svg","contentUrl":"http:\/\/www.graziani.com\/wp-content\/uploads\/2023\/10\/Magic_Graziani_2023_perWEB-01.svg"},{"@type":"BreadcrumbList","@id":"https:\/\/www.graziani.com\/es\/productos\/magic-packaging-system-extra-eu\/#breadcrumb","itemListElement":[{"@type":"ListItem","position":1,"name":"Home","item":"https:\/\/www.graziani.com\/es\/"},{"@type":"ListItem","position":2,"name":"Productos","item":"https:\/\/www.graziani.com\/es\/productos\/"},{"@type":"ListItem","position":3,"name":"Magic Packaging System &#8211; Extra EU"}]},{"@type":"WebSite","@id":"https:\/\/www.graziani.com\/es\/#website","url":"https:\/\/www.graziani.com\/es\/","name":"Graziani Packaging","description":"","publisher":{"@id":"https:\/\/www.graziani.com\/es\/#organization"},"potentialAction":[{"@type":"SearchAction","target":{"@type":"EntryPoint","urlTemplate":"https:\/\/www.graziani.com\/es\/?s={search_term_string}"},"query-input":{"@type":"PropertyValueSpecification","valueRequired":true,"valueName":"search_term_string"}}],"inLanguage":"es"},{"@type":"Organization","@id":"https:\/\/www.graziani.com\/es\/#organization","name":"Graziani Packaging","url":"https:\/\/www.graziani.com\/es\/","logo":{"@type":"ImageObject","inLanguage":"es","@id":"https:\/\/www.graziani.com\/es\/#\/schema\/logo\/image\/","url":"http:\/\/www.graziani.com\/wp-content\/uploads\/2023\/05\/cropped-cropped-Senza-titolo-1.png","contentUrl":"http:\/\/www.graziani.com\/wp-content\/uploads\/2023\/05\/cropped-cropped-Senza-titolo-1.png","width":144,"height":144,"caption":"Graziani Packaging"},"image":{"@id":"https:\/\/www.graziani.com\/es\/#\/schema\/logo\/image\/"}}]}},"_links":{"self":[{"href":"https:\/\/www.graziani.com\/es\/wp-json\/wp\/v2\/pages\/6806","targetHints":{"allow":["GET"]}}],"collection":[{"href":"https:\/\/www.graziani.com\/es\/wp-json\/wp\/v2\/pages"}],"about":[{"href":"https:\/\/www.graziani.com\/es\/wp-json\/wp\/v2\/types\/page"}],"author":[{"embeddable":true,"href":"https:\/\/www.graziani.com\/es\/wp-json\/wp\/v2\/users\/9"}],"replies":[{"embeddable":true,"href":"https:\/\/www.graziani.com\/es\/wp-json\/wp\/v2\/comments?post=6806"}],"version-history":[{"count":0,"href":"https:\/\/www.graziani.com\/es\/wp-json\/wp\/v2\/pages\/6806\/revisions"}],"up":[{"embeddable":true,"href":"https:\/\/www.graziani.com\/es\/wp-json\/wp\/v2\/pages\/6445"}],"wp:attachment":[{"href":"https:\/\/www.graziani.com\/es\/wp-json\/wp\/v2\/media?parent=6806"}],"curies":[{"name":"wp","href":"https:\/\/api.w.org\/{rel}","templated":true}]}}